{"id":979,"date":"2013-03-17T08:30:11","date_gmt":"2013-03-17T07:30:11","guid":{"rendered":"http:\/\/dedi59.fsdata.se\/~muma\/?page_id=979"},"modified":"2021-03-10T09:08:43","modified_gmt":"2021-03-10T08:08:43","slug":"links","status":"publish","type":"page","link":"https:\/\/www.muma.se\/en\/contact-us\/links\/","title":{"rendered":"Links"},"content":{"rendered":"<h3><img loading=\"lazy\" decoding=\"async\" class=\"alignright size-medium wp-image-813\" alt=\"tv\u00e5plusen\" src=\"https:\/\/www.muma.se\/wordpress\/wp-content\/uploads\/2013\/03\/tv\u00e5plusen-225x300.jpg\" width=\"225\" height=\"300\" srcset=\"https:\/\/www.muma.se\/wordpress\/wp-content\/uploads\/2013\/03\/tv\u00e5plusen-225x300.jpg 225w, https:\/\/www.muma.se\/wordpress\/wp-content\/uploads\/2013\/03\/tv\u00e5plusen-300x400.jpg 300w, https:\/\/www.muma.se\/wordpress\/wp-content\/uploads\/2013\/03\/tv\u00e5plusen-150x200.jpg 150w, https:\/\/www.muma.se\/wordpress\/wp-content\/uploads\/2013\/03\/tv\u00e5plusen.jpg 450w\" sizes=\"auto, (max-width: 225px) 100vw, 225px\" \/><\/h3>\n<h3>About the Tramway Society<\/h3>\n<p><a title=\"Svenska Sp\u00e5rv\u00e4gss\u00e4llskapet\" href=\"https:\/\/www.sparvagssallskapet.se\/\" target=\"_blank\" rel=\"noopener\">Svenska Sp\u00e5rv\u00e4gss\u00e4llskapet<\/a>\u00a0&#8211;\u00a0our parent association<\/p>\n<p><a href=\"https:\/\/blogg.sparvagssallskapet.se\" target=\"_blank\" rel=\"noopener\">Blog<\/a>\u00a0&#8211;\u00a0The Tramway Society&#8217;s blog<\/p>\n<p><a title=\"F\u00f6lj oss p\u00e5 Facebook\" href=\"https:\/\/www.facebook.com\/MuseisparvagenMalmkoping\" target=\"_blank\" rel=\"noopener\">Facebook<\/a>\u00a0&#8211;\u00a0Like our Facebook page<\/p>\n<p><a title=\"F\u00f6lj oss p\u00e5 Youtube\" href=\"https:\/\/www.youtube.com\/user\/SvenskaSparvag\" target=\"_blank\" rel=\"noopener\">Youtube<\/a>\u00a0&#8211;\u00a0Follow us on YouTube<\/p>\n<p><a title=\"F\u00f6lj oss p\u00e5 Twitter\" href=\"https:\/\/twitter.com\/Museisparvagen\" target=\"_blank\" rel=\"noopener\">Twitter<\/a>\u00a0&#8211;\u00a0Follow us on Twitter<\/p>\n<p><a title=\"F\u00f6lj oss p\u00e5 Instagram\" href=\"https:\/\/www.instagram.com\/museisparvagen\/\" target=\"_blank\" rel=\"noopener\">Instagram<\/a>\u00a0&#8211;\u00a0Follow us on Instagram<\/p>\n<p>&nbsp;<\/p>\n<h3>To our friends<\/h3>\n<p><a href=\"https:\/\/flen.se\" target=\"_blank\" rel=\"noopener\">Flens kommun<\/a>\u00a0&#8211;\u00a0the municipality with Sweden&#8217;s urban transport museum<br \/>\n<a href=\"https:\/\/malmkoping.nu\" target=\"_blank\" rel=\"noopener\">Malmk\u00f6ping.nu<\/a>\u00a0&#8211;\u00a0Malmk\u00f6ping business association<br \/>\n<a href=\"https:\/\/www.djurgardslinjen.se\" target=\"_blank\" rel=\"noopener\">Djurg\u00e5rdslinjen<\/a>\u00a0&#8211;\u00a0\u00a0the museum tramway right in central Stockholm<br \/>\n<a href=\"http:\/\/www.mss.se\" target=\"_blank\" rel=\"noopener\">Museisp\u00e5rv\u00e4gen Malm\u00f6<\/a>\u00a0&#8211;\u00a0the museum tramway in the City of Parks<br \/>\n<a href=\"http:\/\/www.ringlinien.org\" target=\"_blank\" rel=\"noopener\">Ringlinien<\/a> &#8211;\u00a0our sister association in Gothenburg<br \/>\n<a href=\"https:\/\/sporveismuseet.no\" target=\"_blank\" rel=\"noopener\">Sporveismuseet<\/a>\u00a0&#8211;\u00a0the tramway museum in Oslo<br \/>\n<a title=\"BES\" href=\"https:\/\/www.besporvei.net\" target=\"_blank\" rel=\"noopener\">Bergens Elektriske Sporvei<\/a>\u00a0&#8211;\u00a0Bergen<br \/>\n<a title=\"Sporveishistorisk Forening\" href=\"http:\/\/sporveismuseet-trondheim.no\" target=\"_blank\" rel=\"noopener\">Sporveishistorisk Forening<\/a>\u00a0&#8211;\u00a0Trondheim<br \/>\n<a href=\"http:\/\/www.sporvejsmuseet.dk\/\">Sporvejsmuseet Skjolden\u00e6sholm<\/a>\u00a0&#8211;\u00a0the museum tramway in Danmark<br \/>\n<a title=\"Suomen Raitiotieseura ry\" href=\"https:\/\/www.raitio.org\" target=\"_blank\" rel=\"noopener\">Suomen Raitiotieseura ry<\/a>\u00a0&#8211;\u00a0the Finnish Tramway Society<\/p>\n<p>&nbsp;<\/p>\n","protected":false},"excerpt":{"rendered":"<p>About the Tramway Society Svenska Sp\u00e5rv\u00e4gss\u00e4llskapet\u00a0&#8211;\u00a0our parent association Blog\u00a0&#8211;\u00a0The Tramway Society&#8217;s blog Facebook\u00a0&#8211;\u00a0Like our Facebook page Youtube\u00a0&#8211;\u00a0Follow us on YouTube Twitter\u00a0&#8211;\u00a0Follow us on Twitter Instagram\u00a0&#8211;\u00a0Follow us on Instagram &nbsp; To our friends Flens kommun\u00a0&#8211;\u00a0the municipality with Sweden&#8217;s urban transport museum Malmk\u00f6ping.nu\u00a0&#8211;\u00a0Malmk\u00f6ping business association Djurg\u00e5rdslinjen\u00a0&#8211;\u00a0\u00a0the museum tramway right in central Stockholm Museisp\u00e5rv\u00e4gen Malm\u00f6\u00a0&#8211;\u00a0the museum tramway in [&hellip;]<\/p>\n","protected":false},"author":3,"featured_media":0,"parent":965,"menu_order":90,"comment_status":"closed","ping_status":"open","template":"","meta":{"footnotes":""},"class_list":["post-979","page","type-page","status-publish","hentry"],"publishpress_future_workflow_manual_trigger":{"enabledWorkflows":[]},"_links":{"self":[{"href":"https:\/\/www.muma.se\/en\/wp-json\/wp\/v2\/pages\/979","targetHints":{"allow":["GET"]}}],"collection":[{"href":"https:\/\/www.muma.se\/en\/wp-json\/wp\/v2\/pages"}],"about":[{"href":"https:\/\/www.muma.se\/en\/wp-json\/wp\/v2\/types\/page"}],"author":[{"embeddable":true,"href":"https:\/\/www.muma.se\/en\/wp-json\/wp\/v2\/users\/3"}],"replies":[{"embeddable":true,"href":"https:\/\/www.muma.se\/en\/wp-json\/wp\/v2\/comments?post=979"}],"version-history":[{"count":0,"href":"https:\/\/www.muma.se\/en\/wp-json\/wp\/v2\/pages\/979\/revisions"}],"up":[{"embeddable":true,"href":"https:\/\/www.muma.se\/en\/wp-json\/wp\/v2\/pages\/965"}],"wp:attachment":[{"href":"https:\/\/www.muma.se\/en\/wp-json\/wp\/v2\/media?parent=979"}],"curies":[{"name":"wp","href":"https:\/\/api.w.org\/{rel}","templated":true}]}}