{"id":971,"date":"2013-07-26T10:32:14","date_gmt":"2013-07-26T08:32:14","guid":{"rendered":"http:\/\/dedi59.fsdata.se\/~muma\/?page_id=971"},"modified":"2021-03-10T09:09:01","modified_gmt":"2021-03-10T08:09:01","slug":"about-malmkoping","status":"publish","type":"page","link":"https:\/\/www.muma.se\/en\/about-malmkoping\/","title":{"rendered":"About Malmk\u00f6ping"},"content":{"rendered":"<p><img loading=\"lazy\" decoding=\"async\" class=\"alignright wp-image-327 size-full\" title=\"Storgatan\" src=\"https:\/\/www.muma.se\/wordpress\/wp-content\/uploads\/2013\/07\/2003-07-25_4740.jpg\" alt=\"Kungsgatan\" width=\"300\" height=\"200\" srcset=\"https:\/\/www.muma.se\/wordpress\/wp-content\/uploads\/2013\/07\/2003-07-25_4740.jpg 300w, https:\/\/www.muma.se\/wordpress\/wp-content\/uploads\/2013\/07\/2003-07-25_4740-150x100.jpg 150w\" sizes=\"auto, (max-width: 300px) 100vw, 300px\" \/><\/p>\n<p><b>Malmk\u00f6ping<\/b>\u00a0has many small shops and craft stores for those who are not interested in trams. You can also take a walk through the town and see the many beautiful buildings from the late 1800s. Read more at\u00a0<a href=\"https:\/\/malmkoping.nu\" target=\"_blank\" rel=\"noopener\">Malmk\u00f6ping&#8217;s home page<\/a>.<\/p>\n<p><b>Malmahed<\/b>, the drill-ground full of tradition, is surrounded by historic drill buildings and other buildings from the town&#8217;s military period. The town hall on the square in Malmk\u00f6ping is a beautiful landmark building from that period.<\/p>\n<p>&nbsp;<\/p>\n<p><img loading=\"lazy\" decoding=\"async\" class=\"alignright wp-image-325 size-full\" title=\"Malmahedsmuseet\" src=\"https:\/\/www.muma.se\/wordpress\/wp-content\/uploads\/2013\/07\/2003-07-26_4824.jpg\" alt=\"Malmahed museum\" width=\"300\" height=\"200\" srcset=\"https:\/\/www.muma.se\/wordpress\/wp-content\/uploads\/2013\/07\/2003-07-26_4824.jpg 300w, https:\/\/www.muma.se\/wordpress\/wp-content\/uploads\/2013\/07\/2003-07-26_4824-150x100.jpg 150w\" sizes=\"auto, (max-width: 300px) 100vw, 300px\" \/><\/p>\n<h4>A selection of sights<\/h4>\n<p><a href=\"https:\/\/flen.se\/uppleva-gora\/\" target=\"_blank\" rel=\"noopener\">Malmk\u00f6ping Tourist Centre, Hembygdsg\u00e5rden:<\/a>\u00a0telephone 0157-194 44<\/p>\n<p><a href=\"https:\/\/www.hembygd.se\/malmkoping\/musaet-malmahed\" target=\"_blank\" rel=\"noopener\">Malmahedsmuseet<\/a>\u00a0(the Malmahed Museum) takes you back to the Stone Age and shows the regimental history from the 1800s until the installation was abandoned in 1921, etc. Telephone 0157-192 95.<\/p>\n<p><a href=\"https:\/\/www.hembygd.se\/malmkoping\/\" target=\"_blank\" rel=\"noopener\">Malmk\u00f6ping&#8217;s hometown association<\/a>, hometown association and gathering place in the center of town.<\/p>\n<p><a href=\"https:\/\/flen.se\/\" target=\"_blank\" rel=\"noopener\">Flen municipality<\/a>, the municipality in the center of S\u00f6rmland.<\/p>\n<p><a href=\"https:\/\/www.hembygd.se\/malmkoping\/musaet-malmahed\" target=\"_blank\" rel=\"noopener\">History around the drill-ground<\/a>, about defence and military life. Take a self-guided tour around the town.<\/p>\n<h4>Meals &amp; Accommodation<\/h4>\n<h4><img loading=\"lazy\" decoding=\"async\" class=\"alignright wp-image-326 size-full\" title=\"Landsv\u00e4gsgatan\" src=\"https:\/\/www.muma.se\/wordpress\/wp-content\/uploads\/2013\/07\/2003-07-25_4726.jpg\" alt=\"Landsv\u00e4gsgatan\" width=\"300\" height=\"200\" srcset=\"https:\/\/www.muma.se\/wordpress\/wp-content\/uploads\/2013\/07\/2003-07-25_4726.jpg 300w, https:\/\/www.muma.se\/wordpress\/wp-content\/uploads\/2013\/07\/2003-07-25_4726-150x100.jpg 150w\" sizes=\"auto, (max-width: 300px) 100vw, 300px\" \/><\/h4>\n<p><a href=\"https:\/\/malmkopingscamping.se\" target=\"_blank\" rel=\"noopener\">Malmk\u00f6ping Swimming &amp; Camping:<\/a>\u00a0telephone 0157-210 70\u00a0Three-star campground next to the tramway, with its own tram stop.<\/p>\n<p><a href=\"http:\/\/www.plevnagarden.se\/\" target=\"_blank\" rel=\"noopener\">Hotell Plevnag\u00e5rden<\/a>: telephone 0157-216 60\u00a0Four-star hotel and restaurant in a natural setting.<\/p>\n<p><a href=\"https:\/\/www.facebook.com\/pages\/Malmk%C3%B6pings-w%C3%A4rdshus\/1390064511211609\" target=\"_blank\" rel=\"noopener\">Malmk\u00f6pings W\u00e4rdshus<\/a>\u00a0(Malmk\u00f6ping Inn): telephone 0157-200 22.\u00a0Restaurant, party room, conference facility, pub, overnight accommodation, in the center of Malmk\u00f6ping.<\/p>\n<p><a href=\"https:\/\/www.hotellmalmkoping.se\" target=\"_blank\" rel=\"noopener\">Hotell Malmk\u00f6ping<\/a>: telephone 0157- 245 70.\u00a0&#8220;Modern hotel and conference facility in a beautiful natural setting.&#8221;<\/p>\n<h3>The Swedish National Encyclopaedia says:<\/h3>\n<blockquote><p><img loading=\"lazy\" decoding=\"async\" class=\"alignright wp-image-346\" src=\"https:\/\/www.muma.se\/wordpress\/wp-content\/uploads\/2013\/07\/251px-Malmk\u00f6ping_vapen-247x300.png\" alt=\"Malmk\u00f6pings vapen\" width=\"198\" height=\"240\" srcset=\"https:\/\/www.muma.se\/wordpress\/wp-content\/uploads\/2013\/07\/251px-Malmk\u00f6ping_vapen-247x300.png 247w, https:\/\/www.muma.se\/wordpress\/wp-content\/uploads\/2013\/07\/251px-Malmk\u00f6ping_vapen-150x182.png 150w, https:\/\/www.muma.se\/wordpress\/wp-content\/uploads\/2013\/07\/251px-Malmk\u00f6ping_vapen.png 251w\" sizes=\"auto, (max-width: 198px) 100vw, 198px\" \/>&#8220;Malmk\u00f6ping, urban area in Flen municipality, S\u00f6dermanland (S\u00f6dermanland County), 14 km NE of Flen; pop. 2,170 (1996). Industry in Malmk\u00f6ping is dominated by small business; the largest company is Uplandsklubben i Sverige AB (confections). The town has a number of museums, including a tramway museum. Malma hed (heath) is also in Malmk\u00f6ping.<\/p>\n<p>&#8211; The town name (1804 Malmk\u00f6ping) includes &#8220;k\u00f6ping,&#8221; \u2018trading place\u2019. The prefix reminds us that the town was built at Malma village and Malma heath in Malma parish.<\/p>\n<p>Malmk\u00f6ping was founded as a free trading place in 1784 adjacent to Malma heath, a meeting place for the S\u00f6dermanland regiment. In 1863, Malmk\u00f6ping was reorganised as a separate &#8216;trading place&#8217; municipality with barely 400 inhabitants. Malmk\u00f6ping has had a relatively diverse industry and a slow pace of growth.<b style=\"line-height: 1.6em; font-size: 13px;\">&#8220;<\/b><\/p><\/blockquote>\n<h3>Read more<\/h3>\n<p>about various sights, caf\u00e9s, etc. at\u00a0<a href=\"https:\/\/malmkoping.nu\" target=\"_blank\" rel=\"noopener\">Malmk\u00f6ping.nu<\/a><\/p>\n<p><a href=\"https:\/\/malmkoping.nu\" target=\"_blank\" rel=\"noopener\"><img loading=\"lazy\" decoding=\"async\" class=\"size-full wp-image-321 alignnone\" src=\"https:\/\/www.muma.se\/wordpress\/wp-content\/uploads\/2013\/07\/Malmk\u00f6ping.nu_.jpg\" alt=\"Malmk\u00f6ping.nu\" width=\"240\" height=\"80\" srcset=\"https:\/\/www.muma.se\/wordpress\/wp-content\/uploads\/2013\/07\/Malmk\u00f6ping.nu_.jpg 240w, https:\/\/www.muma.se\/wordpress\/wp-content\/uploads\/2013\/07\/Malmk\u00f6ping.nu_-150x50.jpg 150w\" sizes=\"auto, (max-width: 240px) 100vw, 240px\" \/><\/a><\/p>\n","protected":false},"excerpt":{"rendered":"<p>Malmk\u00f6ping\u00a0has many small shops and craft stores for those who are not interested in trams. You can also take a walk through the town and see the many beautiful buildings from the late 1800s. Read more at\u00a0Malmk\u00f6ping&#8217;s home page. Malmahed, the drill-ground full of tradition, is surrounded by historic drill buildings and other buildings from [&hellip;]<\/p>\n","protected":false},"author":3,"featured_media":0,"parent":0,"menu_order":0,"comment_status":"closed","ping_status":"open","template":"","meta":{"footnotes":""},"class_list":["post-971","page","type-page","status-publish","hentry"],"publishpress_future_workflow_manual_trigger":{"enabledWorkflows":[]},"_links":{"self":[{"href":"https:\/\/www.muma.se\/en\/wp-json\/wp\/v2\/pages\/971","targetHints":{"allow":["GET"]}}],"collection":[{"href":"https:\/\/www.muma.se\/en\/wp-json\/wp\/v2\/pages"}],"about":[{"href":"https:\/\/www.muma.se\/en\/wp-json\/wp\/v2\/types\/page"}],"author":[{"embeddable":true,"href":"https:\/\/www.muma.se\/en\/wp-json\/wp\/v2\/users\/3"}],"replies":[{"embeddable":true,"href":"https:\/\/www.muma.se\/en\/wp-json\/wp\/v2\/comments?post=971"}],"version-history":[{"count":0,"href":"https:\/\/www.muma.se\/en\/wp-json\/wp\/v2\/pages\/971\/revisions"}],"wp:attachment":[{"href":"https:\/\/www.muma.se\/en\/wp-json\/wp\/v2\/media?parent=971"}],"curies":[{"name":"wp","href":"https:\/\/api.w.org\/{rel}","templated":true}]}}