{"id":955,"date":"2013-03-14T15:31:09","date_gmt":"2013-03-14T14:31:09","guid":{"rendered":"http:\/\/dedi59.fsdata.se\/~muma\/?page_id=955"},"modified":"2021-03-07T10:14:00","modified_gmt":"2021-03-07T09:14:00","slug":"getting-here","status":"publish","type":"page","link":"https:\/\/www.muma.se\/en\/getting-here\/","title":{"rendered":"Getting here"},"content":{"rendered":"<p><img loading=\"lazy\" decoding=\"async\" class=\"alignright wp-image-800 size-medium\" src=\"https:\/\/www.muma.se\/wordpress\/wp-content\/uploads\/2013\/03\/Hosj\u00f6-g\u00e5rd-300x195.jpg\" alt=\"Hosj\u00f6 g\u00e5rd\" width=\"300\" height=\"195\" srcset=\"https:\/\/www.muma.se\/wordpress\/wp-content\/uploads\/2013\/03\/Hosj\u00f6-g\u00e5rd-300x195.jpg 300w, https:\/\/www.muma.se\/wordpress\/wp-content\/uploads\/2013\/03\/Hosj\u00f6-g\u00e5rd-150x98.jpg 150w, https:\/\/www.muma.se\/wordpress\/wp-content\/uploads\/2013\/03\/Hosj\u00f6-g\u00e5rd.jpg 600w\" sizes=\"auto, (max-width: 300px) 100vw, 300px\" \/>Malmk\u00f6ping is at the intersection of highways 53 (Eskilstuna-Nyk\u00f6ping) and 55 (Str\u00e4ngn\u00e4s-Flen). It is 115 km from Stockholm, 35 km from Eskilstuna, 56 km from Nyk\u00f6ping and 88 km from Norrk\u00f6ping. When you reach Malmk\u00f6ping, you will see our sign on highway 53 on the south side of town.<\/p>\n<p>If you would like to\u00a0<b>travel by public transport<\/b>\u00a0to our museum, you can find good connections via\u00a0<a href=\"https:\/\/samtrafiken.se\/tjanster\/resplus\/\" target=\"_blank\" rel=\"noopener\">Resplus<\/a>\u00a0and their\u00a0<a href=\"https:\/\/resrobot.se\" target=\"_blank\" rel=\"noopener\">Resrobot<\/a>, and book tickets (T\u00e5gplus) via\u00a0<a href=\"https:\/\/www.sj.se\/\" target=\"_blank\" rel=\"noopener\">SJ<\/a>. Specify \u201dMalmk\u00f6ping\u201d or \u201dMalmk\u00f6ping bstn\u201d as your destination. See the\u00a0<a title=\"Tramway\" href=\"https:\/\/www.muma.se\/en\/tramway\/\">Malmk\u00f6ping map<\/a>\u00a0for a closer look at how to travel from the bus station to the museum tramway. If you are coming from Str\u00e4ngn\u00e4s, you can often transfer to the tram at Hosj\u00f6. Sometimes we can provide a ride from the bus station. Ring 0157-204 30 beforehand to find out.<\/p>\n<p><b>Plan your trip<\/b><br \/>\nFind travel connections to the museum tramway with Samtrafiken&#8217;s\u00a0<a href=\"http:\/\/reseplanerare.resrobot.se\/bin\/query.exe\/sn?L=vs_resrobot&amp;ZID=A=1@O=Malmk%F6ping%20Busstation%20(Flen%20kn)@X=16724664@Y=59134755@U=80@L=007400833@B=1@V=74.9,@p=1332462719@&amp;application=PRIVATETRANSPORT&amp;jsEnabled=yes&amp;externalCall=yes&amp;start=yes\" target=\"_blank\" rel=\"noopener\">Resrobot<\/a><\/p>\n<p><img loading=\"lazy\" decoding=\"async\" class=\"alignnone size-full wp-image-829\" src=\"https:\/\/www.muma.se\/wordpress\/wp-content\/uploads\/2013\/03\/sormland.png\" alt=\"S\u00f6rmland med Malmk\u00f6ping\" width=\"550\" height=\"500\" srcset=\"https:\/\/www.muma.se\/wordpress\/wp-content\/uploads\/2013\/03\/sormland.png 550w, https:\/\/www.muma.se\/wordpress\/wp-content\/uploads\/2013\/03\/sormland-300x272.png 300w, https:\/\/www.muma.se\/wordpress\/wp-content\/uploads\/2013\/03\/sormland-150x136.png 150w\" sizes=\"auto, (max-width: 550px) 100vw, 550px\" \/><\/p>\n","protected":false},"excerpt":{"rendered":"<p>Malmk\u00f6ping is at the intersection of highways 53 (Eskilstuna-Nyk\u00f6ping) and 55 (Str\u00e4ngn\u00e4s-Flen). It is 115 km from Stockholm, 35 km from Eskilstuna, 56 km from Nyk\u00f6ping and 88 km from Norrk\u00f6ping. When you reach Malmk\u00f6ping, you will see our sign on highway 53 on the south side of town. If you would like to\u00a0travel by [&hellip;]<\/p>\n","protected":false},"author":3,"featured_media":0,"parent":0,"menu_order":12,"comment_status":"closed","ping_status":"open","template":"","meta":{"footnotes":""},"class_list":["post-955","page","type-page","status-publish","hentry"],"publishpress_future_workflow_manual_trigger":{"enabledWorkflows":[]},"_links":{"self":[{"href":"https:\/\/www.muma.se\/en\/wp-json\/wp\/v2\/pages\/955","targetHints":{"allow":["GET"]}}],"collection":[{"href":"https:\/\/www.muma.se\/en\/wp-json\/wp\/v2\/pages"}],"about":[{"href":"https:\/\/www.muma.se\/en\/wp-json\/wp\/v2\/types\/page"}],"author":[{"embeddable":true,"href":"https:\/\/www.muma.se\/en\/wp-json\/wp\/v2\/users\/3"}],"replies":[{"embeddable":true,"href":"https:\/\/www.muma.se\/en\/wp-json\/wp\/v2\/comments?post=955"}],"version-history":[{"count":0,"href":"https:\/\/www.muma.se\/en\/wp-json\/wp\/v2\/pages\/955\/revisions"}],"wp:attachment":[{"href":"https:\/\/www.muma.se\/en\/wp-json\/wp\/v2\/media?parent=955"}],"curies":[{"name":"wp","href":"https:\/\/api.w.org\/{rel}","templated":true}]}}