{"id":952,"date":"2013-06-29T10:49:22","date_gmt":"2013-06-29T08:49:22","guid":{"rendered":"http:\/\/dedi59.fsdata.se\/~muma\/?page_id=952"},"modified":"2025-01-19T15:56:37","modified_gmt":"2025-01-19T14:56:37","slug":"prices","status":"publish","type":"page","link":"https:\/\/www.muma.se\/en\/prices\/","title":{"rendered":"Prices"},"content":{"rendered":"<p><em>Tram ticket<\/em>: valid for unlimited travel and visits to both <a title=\"Museum\" href=\"https:\/\/www.muma.se\/en\/museum\/\">the tram museum<\/a> and <a title=\"Museum\" href=\"https:\/\/www.muma.se\/en\/museum\/\">the bus museum<\/a> <strong>during the entire day<\/strong>.<\/p>\n<table>\n<tbody>\n<tr>\n<th>daytickets 2025<\/th>\n<th>price<\/th>\n<\/tr>\n<tr>\n<td>Adults<\/td>\n<td>140 SEK<\/td>\n<\/tr>\n<tr>\n<td>Children aged 6-15 years<\/td>\n<td>70 SEK<\/td>\n<\/tr>\n<tr>\n<td>Children under 6 years<\/td>\n<td>Free when accompanied by a paying passenger<\/td>\n<\/tr>\n<tr>\n<td>Family\u00a0(2 adults+ 1-5 children)<\/td>\n<td>350 SEK<\/td>\n<\/tr>\n<\/tbody>\n<\/table>\n<p><img loading=\"lazy\" decoding=\"async\" class=\"alignright wp-image-781 size-medium\" src=\"https:\/\/www.muma.se\/wordpress\/wp-content\/uploads\/2013\/06\/Trummslagarskogen-stavbyte-237x300.jpg\" alt=\"stavbyte vid Trummslagarskogen\" width=\"237\" height=\"300\" srcset=\"https:\/\/www.muma.se\/wordpress\/wp-content\/uploads\/2013\/06\/Trummslagarskogen-stavbyte-237x300.jpg 237w, https:\/\/www.muma.se\/wordpress\/wp-content\/uploads\/2013\/06\/Trummslagarskogen-stavbyte-300x378.jpg 300w, https:\/\/www.muma.se\/wordpress\/wp-content\/uploads\/2013\/06\/Trummslagarskogen-stavbyte-150x189.jpg 150w, https:\/\/www.muma.se\/wordpress\/wp-content\/uploads\/2013\/06\/Trummslagarskogen-stavbyte.jpg 460w\" sizes=\"auto, (max-width: 237px) 100vw, 237px\" \/><\/p>\n<h3>Cards and cash<\/h3>\n<p>Tickets are sold by conductors onboard the tram.\u00a0However, we accept only Swish on the trams.<\/p>\n<p>If you wish to pay with cash or a card, please buy your ticket in the caf\u00e9.\u00a0We accept the most common credit and debit cards, except for Diners Club and American Express.<\/p>\n<h3>Membership card<\/h3>\n<p>As a member of Svenska Sp\u00e5rv\u00e4gss\u00e4llskapet (the Swedish Tramway Society), you ride free on the museum tramway in regular trafik, subject to space if you show your membership card.<\/p>\n<p>In addition, the following membership cards are accepted on the trams:<br \/>\n\u2022 Sp\u00e5rv\u00e4gss\u00e4llskapet Ringlinien, G\u00f6teborg<br \/>\n\u2022 Lokaltrafikhistorisk Forening, Oslo<br \/>\n\u2022 Bergens Elektriske Sporvei, Bergen<br \/>\n\u2022 Sporveishistorisk Forening, Trondheim<br \/>\n\u2022 Sporvejshistorisk Selskab, Skjolden\u00e6sholm<br \/>\n\u2022 Suomen Raitiotieseura ry (Finska Sp\u00e5rv\u00e4gss\u00e4llskapet)<\/p>\n<p>Please note that special arrangements can be made at the museum tramway, which require a special fee. Always see current information on the respective event page.<\/p>\n","protected":false},"excerpt":{"rendered":"<p>Tram ticket: valid for unlimited travel and visits to both the tram museum and the bus museum during the entire day. daytickets 2025 price Adults 140 SEK Children aged 6-15 years 70 SEK Children under 6 years Free when accompanied by a paying passenger Family\u00a0(2 adults+ 1-5 children) 350 SEK Cards and cash Tickets are [&hellip;]<\/p>\n","protected":false},"author":3,"featured_media":0,"parent":0,"menu_order":4,"comment_status":"closed","ping_status":"open","template":"","meta":{"footnotes":""},"class_list":["post-952","page","type-page","status-publish","hentry"],"publishpress_future_workflow_manual_trigger":{"enabledWorkflows":[]},"_links":{"self":[{"href":"https:\/\/www.muma.se\/en\/wp-json\/wp\/v2\/pages\/952","targetHints":{"allow":["GET"]}}],"collection":[{"href":"https:\/\/www.muma.se\/en\/wp-json\/wp\/v2\/pages"}],"about":[{"href":"https:\/\/www.muma.se\/en\/wp-json\/wp\/v2\/types\/page"}],"author":[{"embeddable":true,"href":"https:\/\/www.muma.se\/en\/wp-json\/wp\/v2\/users\/3"}],"replies":[{"embeddable":true,"href":"https:\/\/www.muma.se\/en\/wp-json\/wp\/v2\/comments?post=952"}],"version-history":[{"count":0,"href":"https:\/\/www.muma.se\/en\/wp-json\/wp\/v2\/pages\/952\/revisions"}],"wp:attachment":[{"href":"https:\/\/www.muma.se\/en\/wp-json\/wp\/v2\/media?parent=952"}],"curies":[{"name":"wp","href":"https:\/\/api.w.org\/{rel}","templated":true}]}}