{"id":913,"date":"2013-08-21T09:16:50","date_gmt":"2013-08-21T07:16:50","guid":{"rendered":"http:\/\/dedi59.fsdata.se\/~muma\/?page_id=913"},"modified":"2018-02-27T17:07:33","modified_gmt":"2018-02-27T16:07:33","slug":"valkommen","status":"publish","type":"page","link":"https:\/\/www.muma.se\/en\/","title":{"rendered":"Welcome to Swedish Urban Transport Museum"},"content":{"rendered":"<p>Right in the middle of beautiful S\u00f6rmland is Malmk\u00f6ping, a small town with a history dating back to the 1700s. Here you will also find the museum tramway, with a large number of older trams used in the museum service between Malmk\u00f6ping and Hosj\u00f6.<\/p>\n<p><img loading=\"lazy\" decoding=\"async\" class=\"alignnone size-full wp-image-5709\" src=\"https:\/\/www.muma.se\/wordpress\/wp-content\/uploads\/2013\/08\/20160604_151253_975.jpg\" alt=\"Kul p\u00e5 museisp\u00e5rv\u00e4gen\" width=\"975\" height=\"548\" srcset=\"https:\/\/www.muma.se\/wordpress\/wp-content\/uploads\/2013\/08\/20160604_151253_975.jpg 975w, https:\/\/www.muma.se\/wordpress\/wp-content\/uploads\/2013\/08\/20160604_151253_975-300x169.jpg 300w, https:\/\/www.muma.se\/wordpress\/wp-content\/uploads\/2013\/08\/20160604_151253_975-150x84.jpg 150w, https:\/\/www.muma.se\/wordpress\/wp-content\/uploads\/2013\/08\/20160604_151253_975-768x432.jpg 768w\" sizes=\"auto, (max-width: 975px) 100vw, 975px\" \/><\/p>\n","protected":false},"excerpt":{"rendered":"<p>Right in the middle of beautiful S\u00f6rmland is Malmk\u00f6ping, a small town with a history dating back to the 1700s. Here you will also find the museum tramway, with a large number of older trams used in the museum service between Malmk\u00f6ping and Hosj\u00f6.<\/p>\n","protected":false},"author":3,"featured_media":0,"parent":0,"menu_order":0,"comment_status":"closed","ping_status":"open","template":"","meta":{"footnotes":""},"class_list":["post-913","page","type-page","status-publish","hentry"],"publishpress_future_workflow_manual_trigger":{"enabledWorkflows":[]},"_links":{"self":[{"href":"https:\/\/www.muma.se\/en\/wp-json\/wp\/v2\/pages\/913","targetHints":{"allow":["GET"]}}],"collection":[{"href":"https:\/\/www.muma.se\/en\/wp-json\/wp\/v2\/pages"}],"about":[{"href":"https:\/\/www.muma.se\/en\/wp-json\/wp\/v2\/types\/page"}],"author":[{"embeddable":true,"href":"https:\/\/www.muma.se\/en\/wp-json\/wp\/v2\/users\/3"}],"replies":[{"embeddable":true,"href":"https:\/\/www.muma.se\/en\/wp-json\/wp\/v2\/comments?post=913"}],"version-history":[{"count":0,"href":"https:\/\/www.muma.se\/en\/wp-json\/wp\/v2\/pages\/913\/revisions"}],"wp:attachment":[{"href":"https:\/\/www.muma.se\/en\/wp-json\/wp\/v2\/media?parent=913"}],"curies":[{"name":"wp","href":"https:\/\/api.w.org\/{rel}","templated":true}]}}