{"id":1018,"date":"2013-03-14T15:33:25","date_gmt":"2013-11-10T16:17:36","guid":{"rendered":"http:\/\/dedi59.fsdata.se\/~muma\/?page_id=1018"},"modified":"2013-11-10T17:17:36","modified_gmt":"2013-11-10T16:17:36","slug":"about-us","status":"publish","type":"page","link":"https:\/\/www.muma.se\/en\/about-us\/","title":{"rendered":"About us"},"content":{"rendered":"<p><img loading=\"lazy\" decoding=\"async\" class=\"size-medium wp-image-792 alignright\" alt=\"Ungdomar p\u00e5 trappan\" src=\"https:\/\/www.muma.se\/wordpress\/wp-content\/uploads\/2013\/03\/Ungdomar-p\u00e5-trappan-300x281.jpg\" width=\"300\" height=\"281\" srcset=\"https:\/\/www.muma.se\/wordpress\/wp-content\/uploads\/2013\/03\/Ungdomar-p\u00e5-trappan-300x281.jpg 300w, https:\/\/www.muma.se\/wordpress\/wp-content\/uploads\/2013\/03\/Ungdomar-p\u00e5-trappan-150x141.jpg 150w, https:\/\/www.muma.se\/wordpress\/wp-content\/uploads\/2013\/03\/Ungdomar-p\u00e5-trappan.jpg 600w\" sizes=\"auto, (max-width: 300px) 100vw, 300px\" \/>Since 1969, the\u00a0<a title=\"Svenska Sp\u00e5rv\u00e4gss\u00e4llskapet (the Swedish Tramway Society)\" href=\"https:\/\/www.muma.se\/svenska-sparvagssallskapet\/\">Swedish Tramway Society<\/a>, a volunteer association, has been developing the museum tramway in Malmk\u00f6ping, which is the Swedish Local Transport Museum.\u00a0Those of us who keep the museum tramway running do so in our spare time. This is our alternative to playing amateur league football, collecting stamps or singing in a chorus.<\/p>\n<h3>Become an active member of the museum tramway<\/h3>\n<p>Read about what it&#8217;s like to be an active member of the museum tramway and how you can participate.<\/p>\n<h3>Tram service<\/h3>\n<p>If you want to work on the tram service, you begin as a conductor, giving you an opportunity to authentically show how tram service was operated in former days and to guide visitors during the tram journey. When you train as a conductor, you receive a fundamental safety training in which you will learn to give signals, couple cars, switch cars, etc. You can then train as a driver and operate our vintage cars yourself. After you have worked a few years as a driver, if you meet certain requirements, you may be able to train further as a traffic controller.<\/p>\n<h3>Bus service<\/h3>\n<p>If you have a driving licence for buses, you can drive our vintage buses, the oldest of which is from the 1940s. A few days each year, we run bus service in Malmk\u00f6ping; we also operate connecting service to the Lennakatten heritage railway in Uppsala and charter service in M\u00e4lardalen.<\/p>\n<h3>Caf\u00e9 and sales<\/h3>\n<p>In our tramway shop and caf\u00e9, you are the face that greets our visitors. You answer questions, serve ice cream and pastries, and sell souvenirs.<\/p>\n<h3>Tram maintenance<\/h3>\n<p>If you would like to work on our trams, we have tricky electrical problems to solve, mechanical functions to recreate, and wood and painting jobs to do. You need not be a professional. We&#8217;ll teach you what you need to know!<\/p>\n<h3><img loading=\"lazy\" decoding=\"async\" class=\"alignright size-medium wp-image-797\" alt=\"Banarbete\" src=\"https:\/\/www.muma.se\/wordpress\/wp-content\/uploads\/2013\/03\/Banarbete-300x219.jpg\" width=\"300\" height=\"219\" srcset=\"https:\/\/www.muma.se\/wordpress\/wp-content\/uploads\/2013\/03\/Banarbete-300x219.jpg 300w, https:\/\/www.muma.se\/wordpress\/wp-content\/uploads\/2013\/03\/Banarbete-150x110.jpg 150w, https:\/\/www.muma.se\/wordpress\/wp-content\/uploads\/2013\/03\/Banarbete.jpg 600w\" sizes=\"auto, (max-width: 300px) 100vw, 300px\" \/><\/h3>\n<h3>Track maintenance<\/h3>\n<p>During the summer and autumn we work on the tracks, checking the track, replacing sleepers, and doing other maintenance. We also sometimes build new track and add overhead wire. If you like working outdoors, track maintenance may be for you!<\/p>\n<h3>Other technical jobs<\/h3>\n<p>The museum tramway has other technical work that needs to be done, such as building maintenance, maintenance of supplies, and gardening. There&#8217;s something for everyone to do!<\/p>\n<h3>Get involved in Malmk\u00f6ping<\/h3>\n<p>At the Malmk\u00f6ping Museum Tramway, we operate tram and bus service, along with the caf\u00e9 and souvenir shop, from May to September. The technical activities, including maintenance and renovation of trams and buses as well as maintenance and expansion of tracks, electrical facilities and buildings, continues the year round.<\/p>\n<p>Our large staff building Sp\u00e5rmansro, with a kitchen, bedrooms and shower rooms, makes your stay in Malmk\u00f6ping very comfortable. You bring your own bedclothes and book a bed via our Web-based staff system. We cook meals together, sharing the cost among us. In the evenings, when the day&#8217;s work is done, we eat dinner together, socialise and have fun!<\/p>\n<p>You can get to Malmk\u00f6ping by train, bus or car &#8212; carpooling is good! We hope to see you in Malmk\u00f6ping!<\/p>\n<p><a title=\"Contact us\" href=\"https:\/\/www.muma.se\/en\/contact-us\/\">Contact us for more information about becoming an active member!<\/a><\/p>\n<p>&nbsp;<\/p>\n","protected":false},"excerpt":{"rendered":"<p>Since 1969, the\u00a0Swedish Tramway Society, a volunteer association, has been developing the museum tramway in Malmk\u00f6ping, which is the Swedish Local Transport Museum.\u00a0Those of us who keep the museum tramway running do so in our spare time. This is our alternative to playing amateur league football, collecting stamps or singing in a chorus. Become an [&hellip;]<\/p>\n","protected":false},"author":3,"featured_media":0,"parent":0,"menu_order":50,"comment_status":"closed","ping_status":"open","template":"","meta":{"footnotes":""},"class_list":["post-1018","page","type-page","status-publish","hentry"],"publishpress_future_workflow_manual_trigger":{"enabledWorkflows":[]},"_links":{"self":[{"href":"https:\/\/www.muma.se\/en\/wp-json\/wp\/v2\/pages\/1018","targetHints":{"allow":["GET"]}}],"collection":[{"href":"https:\/\/www.muma.se\/en\/wp-json\/wp\/v2\/pages"}],"about":[{"href":"https:\/\/www.muma.se\/en\/wp-json\/wp\/v2\/types\/page"}],"author":[{"embeddable":true,"href":"https:\/\/www.muma.se\/en\/wp-json\/wp\/v2\/users\/3"}],"replies":[{"embeddable":true,"href":"https:\/\/www.muma.se\/en\/wp-json\/wp\/v2\/comments?post=1018"}],"version-history":[{"count":0,"href":"https:\/\/www.muma.se\/en\/wp-json\/wp\/v2\/pages\/1018\/revisions"}],"wp:attachment":[{"href":"https:\/\/www.muma.se\/en\/wp-json\/wp\/v2\/media?parent=1018"}],"curies":[{"name":"wp","href":"https:\/\/api.w.org\/{rel}","templated":true}]}}