{"id":1400,"date":"2014-01-26T12:06:35","date_gmt":"2014-01-26T11:06:35","guid":{"rendered":"http:\/\/www.muma.se\/?page_id=1400"},"modified":"2021-03-07T08:49:54","modified_gmt":"2021-03-07T07:49:54","slug":"info-uber-die-website","status":"publish","type":"page","link":"https:\/\/www.muma.se\/de\/info-uber-die-website\/","title":{"rendered":"Info \u00fcber die Website"},"content":{"rendered":"<p><span style=\"line-height: 1.5em;\">Diese Homepage ist im Besitz von der Schwedische Stra\u00dfenbahnverein.<\/span><\/p>\n<h3 id=\"copyright\"><img loading=\"lazy\" decoding=\"async\" class=\"alignright wp-image-809 size-medium\" src=\"https:\/\/www.muma.se\/wordpress\/wp-content\/uploads\/2013\/06\/Hampus-300x229.jpg\" alt=\"Hampus\" width=\"300\" height=\"229\" srcset=\"https:\/\/www.muma.se\/wordpress\/wp-content\/uploads\/2013\/06\/Hampus-300x229.jpg 300w, https:\/\/www.muma.se\/wordpress\/wp-content\/uploads\/2013\/06\/Hampus-150x115.jpg 150w, https:\/\/www.muma.se\/wordpress\/wp-content\/uploads\/2013\/06\/Hampus.jpg 600w\" sizes=\"auto, (max-width: 300px) 100vw, 300px\" \/>Urheberrecht<\/h3>\n<p>Alles Material auf der Website der Museisp\u00e5rv\u00e4gen Malmk\u00f6ping wird durch schwedisches und internationales Urheberrecht gesch\u00fctzt. Nachdruck und anderweitiges Kopieren sind verboten. Zuwiderhandlungen werden verfolgt.<\/p>\n<p>Die Verfasser der Artikel, die Fotografen und andere Mitarbeiter haben die Rechte an ihren Erzeugnissen, aber haben, dadurch, dass ihre Erzeugnisse ver\u00f6ffentlicht worden sind, der Schwedische Stra\u00dfenbahnverein das Recht gegeben, diese auf der Website der Museisp\u00e5rv\u00e4gen Malmk\u00f6ping\u00a0zu verwenden.<\/p>\n<p>Eine Weitergabe des Inhalts der Website der Museisp\u00e5rv\u00e4gen Malmk\u00f6ping, wie Texte, Bilder und Ideen ist verboten. Wenn jemand das Material verwenden m\u00f6chte, soll der Schwedische Stra\u00dfenbahnverein \u00fcber den Infomaster <a title=\"Kontaktieren Sie uns\" href=\"https:\/\/www.muma.se\/de\/kontaktieren-sie-uns\/\">kontaktiert<\/a> werden, alternativ soll der jeweilige Mitarbeiter selbst kontaktiert werden.<\/p>\n<h3><b style=\"font-size: 14px; line-height: 1.5em;\">Cookies auf der Homepage der\u00a0Museisp\u00e5rv\u00e4gen Malmk\u00f6ping<\/b><\/h3>\n<p>Am 25. Juli 2003 trat ein neues Gesetz zur elektronischen Kommunikation in Kraft. Ein Teil davon betrifft Cookies auf Homepages. Ein Cookie ist eine Textdatei, die auf dem Rechner des Besuchers gespeichert wird. Cookies werden als Hilfsmittel bei vielen komplexeren Webbfunktionen verwendet. Nach Ansicht des Reichstages verletzt die Verwendung von Cookies die Integrit\u00e4t und deshalb m\u00fcssen nach Gesetz Homepages, die Cookies verwenden, dar\u00fcber informieren.<\/p>\n<p>Auf dieser Homepage werden Cookies f\u00fcr mehrere Funktionen verwendet, f\u00fcr Sprachkontrolle. Wenn Sie Cookies vermeiden wollen, brauchen Sie diese Funktionen nicht zu verwenden und Sie k\u00f6nnen Ihren Browser so einstellen, dass Cookies nicht akzeptiert werden, aber es besteht die Gefahr, dass die Homepage nicht so funtioniert, wie sie eigentlich sollte. Wir empfehlen Ihnen daher, Cookies zuzulassen &#8211; Sie k\u00f6nnen dann in Ruhe auf der Homepage der Schwedische Stra\u00dfenbahnverein surfen.<\/p>\n<h3>Haftungsausschluss<\/h3>\n<p>Wir garantieren nicht, dass die Informationen auf der Homepage korrekt sind. Wir behalten uns das Recht vor, den Inhalt zu \u00e4ndern oder zu aktualisiern ohne Aufforderung oder Benachrichtigung. Wir \u00fcbernehmen keine Verantwortung f\u00fcr Seiten, mit denen wir verlinkt sind. Wir haben keine Kontrolle \u00fcber oder Verantwortung f\u00fcr Seiten mit denen Sie \u00fcber diese Seite in Kontakt kommen.<\/p>\n<h3><span style=\"font-size: 1.17em;\">Foto<\/span><\/h3>\n<p>\u00a9\u00a0Bruse LF Persson, Jesper Olsson, Mimmi Henriksson, Joakim Wahlberg<\/p>\n<h3>\u00dcbersetzung<\/h3>\n<p>Deutsch \u00dcbersetzung: Uwa Carstens<br \/>\nEnglisch\u00a0\u00dcbersetzung: Tim Kynerd<\/p>\n<h3>Produktion<\/h3>\n<p>Diese Homepage wird von <a href=\"https:\/\/www.pantograph.se\/\" target=\"_blank\" rel=\"noopener\">Pantograph<\/a>\u00a0produziert.<\/p>\n","protected":false},"excerpt":{"rendered":"<p>Diese Homepage ist im Besitz von der Schwedische Stra\u00dfenbahnverein. Urheberrecht Alles Material auf der Website der Museisp\u00e5rv\u00e4gen Malmk\u00f6ping wird durch schwedisches und internationales Urheberrecht gesch\u00fctzt. Nachdruck und anderweitiges Kopieren sind verboten. Zuwiderhandlungen werden verfolgt. Die Verfasser der Artikel, die Fotografen und andere Mitarbeiter haben die Rechte an ihren Erzeugnissen, aber haben, dadurch, dass ihre Erzeugnisse [&hellip;]<\/p>\n","protected":false},"author":3,"featured_media":0,"parent":0,"menu_order":0,"comment_status":"closed","ping_status":"closed","template":"","meta":{"footnotes":""},"class_list":["post-1400","page","type-page","status-publish","hentry"],"publishpress_future_workflow_manual_trigger":{"enabledWorkflows":[]},"_links":{"self":[{"href":"https:\/\/www.muma.se\/de\/wp-json\/wp\/v2\/pages\/1400","targetHints":{"allow":["GET"]}}],"collection":[{"href":"https:\/\/www.muma.se\/de\/wp-json\/wp\/v2\/pages"}],"about":[{"href":"https:\/\/www.muma.se\/de\/wp-json\/wp\/v2\/types\/page"}],"author":[{"embeddable":true,"href":"https:\/\/www.muma.se\/de\/wp-json\/wp\/v2\/users\/3"}],"replies":[{"embeddable":true,"href":"https:\/\/www.muma.se\/de\/wp-json\/wp\/v2\/comments?post=1400"}],"version-history":[{"count":0,"href":"https:\/\/www.muma.se\/de\/wp-json\/wp\/v2\/pages\/1400\/revisions"}],"wp:attachment":[{"href":"https:\/\/www.muma.se\/de\/wp-json\/wp\/v2\/media?parent=1400"}],"curies":[{"name":"wp","href":"https:\/\/api.w.org\/{rel}","templated":true}]}}