{"id":1281,"date":"2013-12-18T13:37:32","date_gmt":"2013-12-18T12:37:32","guid":{"rendered":"http:\/\/www.muma.se\/?page_id=1281"},"modified":"2022-10-08T09:16:29","modified_gmt":"2022-10-08T07:16:29","slug":"bus-mieten","status":"publish","type":"page","link":"https:\/\/www.muma.se\/de\/bus-mieten\/","title":{"rendered":"Bus mieten"},"content":{"rendered":"<p><img loading=\"lazy\" decoding=\"async\" class=\"alignright size-medium wp-image-819\" alt=\"Tommy\" src=\"https:\/\/www.muma.se\/wordpress\/wp-content\/uploads\/2013\/03\/Tommy1-300x218.jpg\" width=\"300\" height=\"218\" srcset=\"https:\/\/www.muma.se\/wordpress\/wp-content\/uploads\/2013\/03\/Tommy1-300x218.jpg 300w, https:\/\/www.muma.se\/wordpress\/wp-content\/uploads\/2013\/03\/Tommy1-150x109.jpg 150w, https:\/\/www.muma.se\/wordpress\/wp-content\/uploads\/2013\/03\/Tommy1.jpg 600w\" sizes=\"auto, (max-width: 300px) 100vw, 300px\" \/>M\u00f6chten Sie einen Bus mieten f\u00fcr den Schulabschluss, Geburtstag oder einen anderen festlichen Anlass? Wir verf\u00fcgen \u00fcber Busse unterschiedlichen Alters und unterschiedlicher Gr\u00f6\u00dfe von den drei\u00dfiger Jahren des 20. Jahrhunderts und j\u00fcnger. F\u00fcr eine k\u00fcrzere Fahrt ist vielleicht ein Volvo aus den vierziger Jahren geeignet. F\u00fcr eine l\u00e4ngere Reise \u00fcber 200 bis 250 km ist ein etwas modernerer Reisebus vielleicht eine gute Alternative. M\u00f6chten Sie hoch hinaus reisen, empfehlen wir unseren Doppeldecker.<\/p>\n<p>Die Busse k\u00f6nnen f\u00fcr Fahrten in Mittelschweden das ganze Jahr \u00fcber gemietet werden. Sehen Sie weiter unten, welche Busse wir anbieten k\u00f6nnen.<\/p>\n\n<div class=\"wpcf7 no-js\" id=\"wpcf7-f1433-o1\" lang=\"sv-SE\" dir=\"ltr\" data-wpcf7-id=\"1433\">\n<div class=\"screen-reader-response\"><p role=\"status\" aria-live=\"polite\" aria-atomic=\"true\"><\/p> <ul><\/ul><\/div>\n<form action=\"\/de\/wp-json\/wp\/v2\/pages\/1281#wpcf7-f1433-o1\" method=\"post\" class=\"wpcf7-form init\" aria-label=\"Kontaktformul\u00e4r\" novalidate=\"novalidate\" data-status=\"init\">\n<fieldset class=\"hidden-fields-container\"><input type=\"hidden\" name=\"_wpcf7\" value=\"1433\" \/><input type=\"hidden\" name=\"_wpcf7_version\" value=\"6.1.5\" \/><input type=\"hidden\" name=\"_wpcf7_locale\" value=\"sv_SE\" \/><input type=\"hidden\" name=\"_wpcf7_unit_tag\" value=\"wpcf7-f1433-o1\" \/><input type=\"hidden\" name=\"_wpcf7_container_post\" value=\"0\" \/><input type=\"hidden\" name=\"_wpcf7_posted_data_hash\" value=\"\" \/>\n<\/fieldset>\n<p>Ihr Name (erforderlich)\n<\/p>\n<p><span class=\"wpcf7-form-control-wrap\" data-name=\"your-name\"><input size=\"40\" maxlength=\"400\" class=\"wpcf7-form-control wpcf7-text wpcf7-validates-as-required\" aria-required=\"true\" aria-invalid=\"false\" value=\"\" type=\"text\" name=\"your-name\" \/><\/span>\n<\/p>\n<p>Ihre Emailadresse (erforderlich)\n<\/p>\n<p><span class=\"wpcf7-form-control-wrap\" data-name=\"your-email\"><input size=\"40\" maxlength=\"400\" class=\"wpcf7-form-control wpcf7-email wpcf7-validates-as-required wpcf7-text wpcf7-validates-as-email\" aria-required=\"true\" aria-invalid=\"false\" value=\"\" type=\"email\" name=\"your-email\" \/><\/span>\n<\/p>\n<p>Thema (erforderlich)\n<\/p>\n<p><span class=\"wpcf7-form-control-wrap\" data-name=\"your-subject\"><input size=\"40\" maxlength=\"400\" class=\"wpcf7-form-control wpcf7-text wpcf7-validates-as-required\" aria-required=\"true\" aria-invalid=\"false\" value=\"\" type=\"text\" name=\"your-subject\" \/><\/span>\n<\/p>\n<p>Ihre Nachricht (erforderlich)\n<\/p>\n<p><span class=\"wpcf7-form-control-wrap\" data-name=\"your-message\"><textarea cols=\"40\" rows=\"10\" maxlength=\"2000\" class=\"wpcf7-form-control wpcf7-textarea wpcf7-validates-as-required\" aria-required=\"true\" aria-invalid=\"false\" name=\"your-message\"><\/textarea><\/span>\n<\/p>\n<p><input class=\"wpcf7-form-control wpcf7-submit has-spinner\" type=\"submit\" value=\"Abschicken\" \/>\n<\/p><p style=\"display: none !important;\" class=\"akismet-fields-container\" data-prefix=\"_wpcf7_ak_\"><label>&#916;<textarea name=\"_wpcf7_ak_hp_textarea\" cols=\"45\" rows=\"8\" maxlength=\"100\"><\/textarea><\/label><input type=\"hidden\" id=\"ak_js_1\" name=\"_wpcf7_ak_js\" value=\"164\"\/><script>document.getElementById( \"ak_js_1\" ).setAttribute( \"value\", ( new Date() ).getTime() );<\/script><\/p><div class=\"wpcf7-response-output\" aria-hidden=\"true\"><\/div>\n<\/form>\n<\/div>\n\n<h3>Busse vermieten in Mittelschweden<\/h3>\n\n","protected":false},"excerpt":{"rendered":"<p>M\u00f6chten Sie einen Bus mieten f\u00fcr den Schulabschluss, Geburtstag oder einen anderen festlichen Anlass? Wir verf\u00fcgen \u00fcber Busse unterschiedlichen Alters und unterschiedlicher Gr\u00f6\u00dfe von den drei\u00dfiger Jahren des 20. Jahrhunderts und j\u00fcnger. F\u00fcr eine k\u00fcrzere Fahrt ist vielleicht ein Volvo aus den vierziger Jahren geeignet. F\u00fcr eine l\u00e4ngere Reise \u00fcber 200 bis 250 km ist [&hellip;]<\/p>\n","protected":false},"author":3,"featured_media":0,"parent":0,"menu_order":0,"comment_status":"closed","ping_status":"open","template":"","meta":{"footnotes":""},"class_list":["post-1281","page","type-page","status-publish","hentry"],"publishpress_future_workflow_manual_trigger":{"enabledWorkflows":[]},"_links":{"self":[{"href":"https:\/\/www.muma.se\/de\/wp-json\/wp\/v2\/pages\/1281","targetHints":{"allow":["GET"]}}],"collection":[{"href":"https:\/\/www.muma.se\/de\/wp-json\/wp\/v2\/pages"}],"about":[{"href":"https:\/\/www.muma.se\/de\/wp-json\/wp\/v2\/types\/page"}],"author":[{"embeddable":true,"href":"https:\/\/www.muma.se\/de\/wp-json\/wp\/v2\/users\/3"}],"replies":[{"embeddable":true,"href":"https:\/\/www.muma.se\/de\/wp-json\/wp\/v2\/comments?post=1281"}],"version-history":[{"count":0,"href":"https:\/\/www.muma.se\/de\/wp-json\/wp\/v2\/pages\/1281\/revisions"}],"wp:attachment":[{"href":"https:\/\/www.muma.se\/de\/wp-json\/wp\/v2\/media?parent=1281"}],"curies":[{"name":"wp","href":"https:\/\/api.w.org\/{rel}","templated":true}]}}