{"id":1074,"date":"2013-07-02T10:49:55","date_gmt":"2013-07-02T08:49:55","guid":{"rendered":"http:\/\/dedi59.fsdata.se\/~muma\/?page_id=1074"},"modified":"2022-02-22T13:58:45","modified_gmt":"2022-02-22T12:58:45","slug":"kontaktieren-sie-uns","status":"publish","type":"page","link":"https:\/\/www.muma.se\/de\/kontaktieren-sie-uns\/","title":{"rendered":"Kontaktieren Sie uns"},"content":{"rendered":"<p><img loading=\"lazy\" decoding=\"async\" class=\"alignright size-medium wp-image-802\" src=\"https:\/\/www.muma.se\/wordpress\/wp-content\/uploads\/2013\/07\/\u00d6gonkontakt-300x296.jpg\" alt=\"\u00d6gonkontakt\" width=\"300\" height=\"296\" srcset=\"https:\/\/www.muma.se\/wordpress\/wp-content\/uploads\/2013\/07\/\u00d6gonkontakt-300x296.jpg 300w, https:\/\/www.muma.se\/wordpress\/wp-content\/uploads\/2013\/07\/\u00d6gonkontakt-100x100.jpg 100w, https:\/\/www.muma.se\/wordpress\/wp-content\/uploads\/2013\/07\/\u00d6gonkontakt-150x148.jpg 150w, https:\/\/www.muma.se\/wordpress\/wp-content\/uploads\/2013\/07\/\u00d6gonkontakt.jpg 600w\" sizes=\"auto, (max-width: 300px) 100vw, 300px\" \/>Bitte kontaktieren Sie uns, wenn Sie Vorschl\u00e4ge, Fragen oder Anregungen haben.<\/p>\n<h3>Adresse<\/h3>\n<p>Museisp\u00e5rv\u00e4gen Malmk\u00f6ping<br \/>\n<a href=\"https:\/\/www.muma.se\/de\/finden-sie-uns\/\">J\u00e4rnv\u00e4gsgatan 4<\/a><br \/>\n642 60 Malmk\u00f6ping<br \/>\n<em>telefon service-tag<\/em>: 0157-204 30<br \/>\ne-post: <a href=\"&#x6d;&#x61;&#105;lt&#x6f;&#x3a;&#105;&#110;f&#x6f;&#x40;&#109;&#117;m&#x61;&#x2e;&#x73;&#101;\">i&#110;&#102;&#x6f;&#x40;&#x6d;&#x75;m&#97;&#46;&#115;&#x65;<\/a><\/p>\n<h4>Schicken sie uns eine Mail<\/h4>\n\n<div class=\"wpcf7 no-js\" id=\"wpcf7-f1421-o1\" lang=\"sv-SE\" dir=\"ltr\" data-wpcf7-id=\"1421\">\n<div class=\"screen-reader-response\"><p role=\"status\" aria-live=\"polite\" aria-atomic=\"true\"><\/p> <ul><\/ul><\/div>\n<form action=\"\/de\/wp-json\/wp\/v2\/pages\/1074#wpcf7-f1421-o1\" method=\"post\" class=\"wpcf7-form init\" aria-label=\"Kontaktformul\u00e4r\" novalidate=\"novalidate\" data-status=\"init\">\n<fieldset class=\"hidden-fields-container\"><input type=\"hidden\" name=\"_wpcf7\" value=\"1421\" \/><input type=\"hidden\" name=\"_wpcf7_version\" value=\"6.1.5\" \/><input type=\"hidden\" name=\"_wpcf7_locale\" value=\"sv_SE\" \/><input type=\"hidden\" name=\"_wpcf7_unit_tag\" value=\"wpcf7-f1421-o1\" \/><input type=\"hidden\" name=\"_wpcf7_container_post\" value=\"0\" \/><input type=\"hidden\" name=\"_wpcf7_posted_data_hash\" value=\"\" \/>\n<\/fieldset>\n<p>Ihr Name (erforderlich)\n<\/p>\n<p><span class=\"wpcf7-form-control-wrap\" data-name=\"your-name\"><input size=\"40\" maxlength=\"400\" class=\"wpcf7-form-control wpcf7-text wpcf7-validates-as-required\" aria-required=\"true\" aria-invalid=\"false\" value=\"\" type=\"text\" name=\"your-name\" \/><\/span>\n<\/p>\n<p>Ihre Emailadresse (erforderlich)\n<\/p>\n<p><span class=\"wpcf7-form-control-wrap\" data-name=\"your-email\"><input size=\"40\" maxlength=\"400\" class=\"wpcf7-form-control wpcf7-email wpcf7-validates-as-required wpcf7-text wpcf7-validates-as-email\" aria-required=\"true\" aria-invalid=\"false\" value=\"\" type=\"email\" name=\"your-email\" \/><\/span>\n<\/p>\n<p>Thema (erforderlich)\n<\/p>\n<p><span class=\"wpcf7-form-control-wrap\" data-name=\"your-subject\"><input size=\"40\" maxlength=\"400\" class=\"wpcf7-form-control wpcf7-text wpcf7-validates-as-required\" aria-required=\"true\" aria-invalid=\"false\" value=\"\" type=\"text\" name=\"your-subject\" \/><\/span>\n<\/p>\n<p>Ihre Nachricht (erforderlich)\n<\/p>\n<p><span class=\"wpcf7-form-control-wrap\" data-name=\"your-message\"><textarea cols=\"40\" rows=\"10\" maxlength=\"2000\" class=\"wpcf7-form-control wpcf7-textarea wpcf7-validates-as-required\" aria-required=\"true\" aria-invalid=\"false\" name=\"your-message\"><\/textarea><\/span>\n<\/p>\n<p><input class=\"wpcf7-form-control wpcf7-submit has-spinner\" type=\"submit\" value=\"Abschicken\" \/>\n<\/p><p style=\"display: none !important;\" class=\"akismet-fields-container\" data-prefix=\"_wpcf7_ak_\"><label>&#916;<textarea name=\"_wpcf7_ak_hp_textarea\" cols=\"45\" rows=\"8\" maxlength=\"100\"><\/textarea><\/label><input type=\"hidden\" id=\"ak_js_1\" name=\"_wpcf7_ak_js\" value=\"214\"\/><script type=\"text\/javascript\">\n\/* <![CDATA[ *\/\ndocument.getElementById( \"ak_js_1\" ).setAttribute( \"value\", ( new Date() ).getTime() );\n\/* ]]> *\/\n<\/script>\n<\/p><div class=\"wpcf7-response-output\" aria-hidden=\"true\"><\/div>\n<\/form>\n<\/div>\n\n<p>&nbsp;<\/p>\n<p>&nbsp;<\/p>\n","protected":false},"excerpt":{"rendered":"<p>Bitte kontaktieren Sie uns, wenn Sie Vorschl\u00e4ge, Fragen oder Anregungen haben. Adresse Museisp\u00e5rv\u00e4gen Malmk\u00f6ping J\u00e4rnv\u00e4gsgatan 4 642 60 Malmk\u00f6ping telefon service-tag: 0157-204 30 e-post: in&#102;&#111;&#64;&#x6d;&#x75;&#x6d;&#x61;&#46;s&#101; Schicken sie uns eine Mail &nbsp; &nbsp;<\/p>\n","protected":false},"author":3,"featured_media":0,"parent":0,"menu_order":80,"comment_status":"closed","ping_status":"open","template":"","meta":{"footnotes":""},"class_list":["post-1074","page","type-page","status-publish","hentry"],"publishpress_future_workflow_manual_trigger":{"enabledWorkflows":[]},"_links":{"self":[{"href":"https:\/\/www.muma.se\/de\/wp-json\/wp\/v2\/pages\/1074","targetHints":{"allow":["GET"]}}],"collection":[{"href":"https:\/\/www.muma.se\/de\/wp-json\/wp\/v2\/pages"}],"about":[{"href":"https:\/\/www.muma.se\/de\/wp-json\/wp\/v2\/types\/page"}],"author":[{"embeddable":true,"href":"https:\/\/www.muma.se\/de\/wp-json\/wp\/v2\/users\/3"}],"replies":[{"embeddable":true,"href":"https:\/\/www.muma.se\/de\/wp-json\/wp\/v2\/comments?post=1074"}],"version-history":[{"count":0,"href":"https:\/\/www.muma.se\/de\/wp-json\/wp\/v2\/pages\/1074\/revisions"}],"wp:attachment":[{"href":"https:\/\/www.muma.se\/de\/wp-json\/wp\/v2\/media?parent=1074"}],"curies":[{"name":"wp","href":"https:\/\/api.w.org\/{rel}","templated":true}]}}