{"id":1062,"date":"2013-03-14T15:32:24","date_gmt":"2013-03-14T14:32:24","guid":{"rendered":"http:\/\/dedi59.fsdata.se\/~muma\/?page_id=1062"},"modified":"2016-02-08T19:19:39","modified_gmt":"2016-02-08T18:19:39","slug":"linie","status":"publish","type":"page","link":"https:\/\/www.muma.se\/de\/linie\/","title":{"rendered":"Linie"},"content":{"rendered":"<p><img loading=\"lazy\" decoding=\"async\" class=\"alignright wp-image-5673\" src=\"https:\/\/www.muma.se\/wordpress\/wp-content\/uploads\/2013\/03\/Malmk\u00f6ping-2015-3.jpg-273x300.jpeg\" alt=\"\" width=\"400\" height=\"440\" srcset=\"https:\/\/www.muma.se\/wordpress\/wp-content\/uploads\/2013\/03\/Malmk\u00f6ping-2015-3.jpg-273x300.jpeg 273w, https:\/\/www.muma.se\/wordpress\/wp-content\/uploads\/2013\/03\/Malmk\u00f6ping-2015-3.jpg-scaled-300x330.jpeg 300w, https:\/\/www.muma.se\/wordpress\/wp-content\/uploads\/2013\/03\/Malmk\u00f6ping-2015-3.jpg-scaled-150x165.jpeg 150w, https:\/\/www.muma.se\/wordpress\/wp-content\/uploads\/2013\/03\/Malmk\u00f6ping-2015-3.jpg-768x845.jpeg 768w, https:\/\/www.muma.se\/wordpress\/wp-content\/uploads\/2013\/03\/Malmk\u00f6ping-2015-3.jpg-930x1024.jpeg 930w\" sizes=\"auto, (max-width: 400px) 100vw, 400px\" \/>Die Stra\u00dfenbahnfahrt nach Hosj\u00f6 und zur\u00fcck geht an glitzerneden Seen entlang und durch sch\u00f6ne Natur mit Wiesen und W\u00e4ldern. Sie k\u00f6nnen eine Reise wie in Gro\u00dfvaters Zeiten erleben, eine Fahrt, die ungef\u00e4hr 25 Minuten dauert.<\/p>\n<p>Die Museumsstra\u00dfenbahn wurde 1969 eingeweiht und verl\u00e4uft zum Teil auf der ehemaligen Bahnlinie Stalboga-Skebokvarn, urspr\u00fcnglich Mellersta S\u00f6dermanlands J\u00e4rnv\u00e4g. Die etwa 2,6 km lange Strecke verl\u00e4uft von Malmk\u00f6ping nach Hosj\u00f6 entlang der Bundesstra\u00dfe 55 und hat zwei Kreuzungen. Im Laufe der Zeit ist die urspr\u00fcngliche Eisenbahnlinie zu einem authentischeren Stra\u00dfenbahnmilieu umgebaut worden. Ein Stra\u00dfenbahnplatz in Malmk\u00f6ping ist so gut wie fertiggestellt, und k\u00fcrzlich hat die Strecke an beiden Endpunkten Wendeschleifen erhalten, um einen Verkehr mit moderneren Stra\u00dfenbahnen vom Einrichtungstyp zu erm\u00f6glichen, z.B. Mustanger.<\/p>\n<p><img loading=\"lazy\" decoding=\"async\" class=\"alignright size-full wp-image-790\" src=\"https:\/\/www.muma.se\/wordpress\/wp-content\/uploads\/2013\/03\/Udden.jpg\" alt=\"Udden\" width=\"600\" height=\"387\" srcset=\"https:\/\/www.muma.se\/wordpress\/wp-content\/uploads\/2013\/03\/Udden.jpg 600w, https:\/\/www.muma.se\/wordpress\/wp-content\/uploads\/2013\/03\/Udden-300x193.jpg 300w, https:\/\/www.muma.se\/wordpress\/wp-content\/uploads\/2013\/03\/Udden-150x97.jpg 150w\" sizes=\"auto, (max-width: 600px) 100vw, 600px\" \/><\/p>\n","protected":false},"excerpt":{"rendered":"<p>Die Stra\u00dfenbahnfahrt nach Hosj\u00f6 und zur\u00fcck geht an glitzerneden Seen entlang und durch sch\u00f6ne Natur mit Wiesen und W\u00e4ldern. Sie k\u00f6nnen eine Reise wie in Gro\u00dfvaters Zeiten erleben, eine Fahrt, die ungef\u00e4hr 25 Minuten dauert. Die Museumsstra\u00dfenbahn wurde 1969 eingeweiht und verl\u00e4uft zum Teil auf der ehemaligen Bahnlinie Stalboga-Skebokvarn, urspr\u00fcnglich Mellersta S\u00f6dermanlands J\u00e4rnv\u00e4g. Die etwa [&hellip;]<\/p>\n","protected":false},"author":3,"featured_media":0,"parent":0,"menu_order":10,"comment_status":"closed","ping_status":"open","template":"","meta":{"footnotes":""},"class_list":["post-1062","page","type-page","status-publish","hentry"],"publishpress_future_workflow_manual_trigger":{"enabledWorkflows":[]},"_links":{"self":[{"href":"https:\/\/www.muma.se\/de\/wp-json\/wp\/v2\/pages\/1062","targetHints":{"allow":["GET"]}}],"collection":[{"href":"https:\/\/www.muma.se\/de\/wp-json\/wp\/v2\/pages"}],"about":[{"href":"https:\/\/www.muma.se\/de\/wp-json\/wp\/v2\/types\/page"}],"author":[{"embeddable":true,"href":"https:\/\/www.muma.se\/de\/wp-json\/wp\/v2\/users\/3"}],"replies":[{"embeddable":true,"href":"https:\/\/www.muma.se\/de\/wp-json\/wp\/v2\/comments?post=1062"}],"version-history":[{"count":0,"href":"https:\/\/www.muma.se\/de\/wp-json\/wp\/v2\/pages\/1062\/revisions"}],"wp:attachment":[{"href":"https:\/\/www.muma.se\/de\/wp-json\/wp\/v2\/media?parent=1062"}],"curies":[{"name":"wp","href":"https:\/\/api.w.org\/{rel}","templated":true}]}}