{"id":1054,"date":"2013-03-14T15:33:13","date_gmt":"2013-03-14T14:33:13","guid":{"rendered":"http:\/\/dedi59.fsdata.se\/~muma\/?page_id=1054"},"modified":"2013-12-17T17:29:34","modified_gmt":"2013-12-17T16:29:34","slug":"das-museum","status":"publish","type":"page","link":"https:\/\/www.muma.se\/de\/das-museum\/","title":{"rendered":"Das Museum"},"content":{"rendered":"<h3><a href=\"https:\/\/www.muma.se\/wordpress\/wp-content\/uploads\/2013\/03\/Vagnorama.jpg\"><img loading=\"lazy\" decoding=\"async\" class=\"alignright size-medium wp-image-827\" alt=\"Vagnorama\" src=\"https:\/\/www.muma.se\/wordpress\/wp-content\/uploads\/2013\/03\/Vagnorama-300x178.jpg\" width=\"300\" height=\"178\" srcset=\"https:\/\/www.muma.se\/wordpress\/wp-content\/uploads\/2013\/03\/Vagnorama-300x178.jpg 300w, https:\/\/www.muma.se\/wordpress\/wp-content\/uploads\/2013\/03\/Vagnorama-150x89.jpg 150w, https:\/\/www.muma.se\/wordpress\/wp-content\/uploads\/2013\/03\/Vagnorama.jpg 600w\" sizes=\"auto, (max-width: 300px) 100vw, 300px\" \/><\/a>Der Wagenpark<\/h3>\n<p>Das Museum besitzt \u00fcber 40 Wagen aus Schwedens einst insgesamt 12 Stra\u00dfenbahnst\u00e4dten. Ein Drittel der Wagen ist bisher f\u00fcr den Museumsbetrieb in Malmk\u00f6ping aufgearbeitet worden. Der \u00e4lteste Wagen ist aus dem Jahre 1903 und der j\u00fcngste stammt aus den f\u00fcnfziger Jahren des 20. Jahrhunderts. Etwa 25 Busse befinden sich auch in der Sammlung.<\/p>\n<p>Schauen Sie sich <a title=\"Fahrzeuge\" href=\"https:\/\/www.muma.se\/de\/fahrzeuge\/\">eine Auswahl unserer verkehrsbereiten Fahrzeuge an<\/a>.<\/p>\n<h3>Das Caf\u00e9<\/h3>\n<p>Im alten Stationshaus befindet sich unser Caf\u00e9, das dieselben <a title=\"Fahrplan\" href=\"https:\/\/www.muma.se\/de\/fahrplan\/\">\u00d6ffnungszeiten<\/a> wie die gesamte Anlage hat. Hier k\u00f6nnen Sie ein Geschenk im Stra\u00dfenbahnladen kaufen oder eine Tasse guten Kaffees mit Kaffeebrot trinken.<\/p>\n<h3><img loading=\"lazy\" decoding=\"async\" class=\"size-medium wp-image-826 alignleft\" alt=\"Bussmuseet\" src=\"https:\/\/www.muma.se\/wordpress\/wp-content\/uploads\/2013\/03\/Tittut-bussmuseet-300x236.jpg\" width=\"300\" height=\"236\" srcset=\"https:\/\/www.muma.se\/wordpress\/wp-content\/uploads\/2013\/03\/Tittut-bussmuseet-300x236.jpg 300w, https:\/\/www.muma.se\/wordpress\/wp-content\/uploads\/2013\/03\/Tittut-bussmuseet-150x118.jpg 150w, https:\/\/www.muma.se\/wordpress\/wp-content\/uploads\/2013\/03\/Tittut-bussmuseet.jpg 600w\" sizes=\"auto, (max-width: 300px) 100vw, 300px\" \/>Schwedens Busmuseum<\/h3>\n<p>Auf unserer Anlage in Malmk\u00f6ping finden Sie auch das Schwedische Busmuseum, das auch Teil der Museumsanlage ist. Hier zeigen wir die Entwicklung des schwedischen Busverkehrs mit Fahrzeugen, Modellen, Monitorpr\u00e4sentationen und vielem mehr. Das Museum wurde im Jahre 1999 im Zusammenhang mit dem hundertj\u00e4hrigen Jubil\u00e4um des Busses eingeweiht.<\/p>\n<p>Schauen Sie sich <a title=\"Fahrzeuge\" href=\"https:\/\/www.muma.se\/de\/fahrzeuge\/\">eine Auswahl unserer Busse<\/a> in Malmk\u00f6ping an.<\/p>\n<h3>Ausstellungen<\/h3>\n<p>Mit einer Monitorpr\u00e4sentation zeigen wir die Entwicklung des schwedischen Busverkehrs Jahrzehnt f\u00fcr Jahrzehnt, die Entwicklung der Fahrzeuge, den Verkehr w\u00e4hrend des Zweiten Weltkrieges mit Holzvergaser, die Epoche der Oberleitungsbusse und vieles mehr. Wir zeigen auch, wie unserer Meinung nach die Fahrzeuge und der Verkehr in Zukunft aussehen werden. Au\u00dferdem k\u00f6nnen Sie sich anschauen, &#8216;was dazugeh\u00f6rt&#8217;, d.h. Haltestellen, Sprechfunkverkehr, Motoren, Getriebe etc. Das Museum wird kontinuierlich weiterentwickelt und jetzt im Winter arbeiten wir u.a. an der Verbesserung der Monitorpr\u00e4sentation.<\/p>\n<h3>Der Eintritt ins Museum ist im Preis f\u00fcr die Stra\u00dfenbahnfahrt eingeschlossen<\/h3>\n<p>In jedem Jahr zeigen wir auch eine kleine zus\u00e4tzliche Ausstellung zu einem bestimmten Thema, das mit Bussen verbunden ist. An einigen Tagen fahren wir auch mit einem der alten Busse auf der Ringlinie in der Gemeinde Malmk\u00f6ping.<\/p>\n<p>Sie sind herzlich willkommen uns zu besuchen und die Entwicklung eines der \u00fcblichsten t\u00e4glichen Transportmittel anzuschauen!<\/p>\n<p>&nbsp;<\/p>\n","protected":false},"excerpt":{"rendered":"<p>Der Wagenpark Das Museum besitzt \u00fcber 40 Wagen aus Schwedens einst insgesamt 12 Stra\u00dfenbahnst\u00e4dten. Ein Drittel der Wagen ist bisher f\u00fcr den Museumsbetrieb in Malmk\u00f6ping aufgearbeitet worden. Der \u00e4lteste Wagen ist aus dem Jahre 1903 und der j\u00fcngste stammt aus den f\u00fcnfziger Jahren des 20. Jahrhunderts. Etwa 25 Busse befinden sich auch in der Sammlung. [&hellip;]<\/p>\n","protected":false},"author":3,"featured_media":0,"parent":0,"menu_order":20,"comment_status":"closed","ping_status":"open","template":"","meta":{"footnotes":""},"class_list":["post-1054","page","type-page","status-publish","hentry"],"publishpress_future_workflow_manual_trigger":{"enabledWorkflows":[]},"_links":{"self":[{"href":"https:\/\/www.muma.se\/de\/wp-json\/wp\/v2\/pages\/1054","targetHints":{"allow":["GET"]}}],"collection":[{"href":"https:\/\/www.muma.se\/de\/wp-json\/wp\/v2\/pages"}],"about":[{"href":"https:\/\/www.muma.se\/de\/wp-json\/wp\/v2\/types\/page"}],"author":[{"embeddable":true,"href":"https:\/\/www.muma.se\/de\/wp-json\/wp\/v2\/users\/3"}],"replies":[{"embeddable":true,"href":"https:\/\/www.muma.se\/de\/wp-json\/wp\/v2\/comments?post=1054"}],"version-history":[{"count":0,"href":"https:\/\/www.muma.se\/de\/wp-json\/wp\/v2\/pages\/1054\/revisions"}],"wp:attachment":[{"href":"https:\/\/www.muma.se\/de\/wp-json\/wp\/v2\/media?parent=1054"}],"curies":[{"name":"wp","href":"https:\/\/api.w.org\/{rel}","templated":true}]}}