{"id":1050,"date":"2013-03-14T15:31:09","date_gmt":"2013-03-14T14:31:09","guid":{"rendered":"http:\/\/dedi59.fsdata.se\/~muma\/?page_id=1050"},"modified":"2021-03-07T10:13:58","modified_gmt":"2021-03-07T09:13:58","slug":"finden-sie-uns","status":"publish","type":"page","link":"https:\/\/www.muma.se\/de\/finden-sie-uns\/","title":{"rendered":"Finden Sie uns"},"content":{"rendered":"<p><img loading=\"lazy\" decoding=\"async\" class=\"alignright wp-image-800 size-medium\" src=\"https:\/\/www.muma.se\/wordpress\/wp-content\/uploads\/2013\/03\/Hosj\u00f6-g\u00e5rd-300x195.jpg\" alt=\"Hosj\u00f6 g\u00e5rd\" width=\"300\" height=\"195\" srcset=\"https:\/\/www.muma.se\/wordpress\/wp-content\/uploads\/2013\/03\/Hosj\u00f6-g\u00e5rd-300x195.jpg 300w, https:\/\/www.muma.se\/wordpress\/wp-content\/uploads\/2013\/03\/Hosj\u00f6-g\u00e5rd-150x98.jpg 150w, https:\/\/www.muma.se\/wordpress\/wp-content\/uploads\/2013\/03\/Hosj\u00f6-g\u00e5rd.jpg 600w\" sizes=\"auto, (max-width: 300px) 100vw, 300px\" \/>Malmk\u00f6ping liegt dort, wo sich die Stra\u00dfen 53 (Eskilstuna-Nyk\u00f6ping) und 55 (Str\u00e4ngn\u00e4s-Flen) kreuzen. Von Stockholm sind es 115 km, von Eskilstuna 35 km, von Nyk\u00f6ping 56 km und von Norrk\u00f6ping 88 km. In Malmk\u00f6ping finden Sie unser Hinweisschild an der Stra\u00dfe 53 an der s\u00fcdlichen Einfahrt.<\/p>\n<p>Wenn Sie mit \u00f6ffentlichen Verkehrsmitteln anreisen wollen, bekommen Sie gute Verbindungen mit Hilfe von <a href=\"https:\/\/samtrafiken.se\/tjanster\/resplus\/\" target=\"_blank\" rel=\"noopener\">Resplus<\/a> und deren <a href=\"https:\/\/resrobot.se\" target=\"_blank\" rel=\"noopener\">Resrobot<\/a>, Sie k\u00f6nnen Fahrkarten (tagplus) \u00fcber die <a href=\"https:\/\/www.sj.se\/\" target=\"_blank\" rel=\"noopener\">Schwedische Staatsbahn (SJ)<\/a> buchen. Geben Sie &#8216;Malmk\u00f6ping&#8217; oder &#8216;Malmk\u00f6ping Busbahnhof&#8217; als Ziel an. <a title=\"Linie\" href=\"https:\/\/www.muma.se\/de\/linie\/\">Die Karte von Malmk\u00f6ping<\/a> zeigt Ihnen, wie Sie vom Busbahnhof zur Museumsstra\u00dfenbahn kommen. Wenn Sie von Str\u00e4ngn\u00e4s kommen, k\u00f6nnen Sie oft in Hosj\u00f6 in die Stra\u00dfenbahn umsteigen. Manchmal k\u00f6nnen wir eine Fahrgelegenheit vom Busbahnhof arrangieren. Rufen Sie vorher 0157-204 30 an, um dar\u00fcber Informationen zu bekommen.<\/p>\n<p><b>Planen Sie Ihre Reise<\/b><br \/>\nSuchen Sie Verbindungen zur Museumsstra\u00dfenbahn mit Hilfe von <a href=\"http:\/\/reseplanerare.resrobot.se\/bin\/query.exe\/sn?L=vs_resrobot&amp;ZID=A=1@O=Malmk%F6ping%20Busstation%20(Flen%20kn)@X=16724664@Y=59134755@U=80@L=007400833@B=1@V=74.9,@p=1332462719@&amp;application=PRIVATETRANSPORT&amp;jsEnabled=yes&amp;externalCall=yes&amp;start=yes\" target=\"_blank\" rel=\"noopener\">Resrobot<\/a> von Samtrafiken.<\/p>\n<p><img loading=\"lazy\" decoding=\"async\" class=\"alignnone size-full wp-image-829\" src=\"https:\/\/www.muma.se\/wordpress\/wp-content\/uploads\/2013\/03\/sormland.png\" alt=\"S\u00f6rmland med Malmk\u00f6ping\" width=\"550\" height=\"500\" srcset=\"https:\/\/www.muma.se\/wordpress\/wp-content\/uploads\/2013\/03\/sormland.png 550w, https:\/\/www.muma.se\/wordpress\/wp-content\/uploads\/2013\/03\/sormland-300x272.png 300w, https:\/\/www.muma.se\/wordpress\/wp-content\/uploads\/2013\/03\/sormland-150x136.png 150w\" sizes=\"auto, (max-width: 550px) 100vw, 550px\" \/><\/p>\n","protected":false},"excerpt":{"rendered":"<p>Malmk\u00f6ping liegt dort, wo sich die Stra\u00dfen 53 (Eskilstuna-Nyk\u00f6ping) und 55 (Str\u00e4ngn\u00e4s-Flen) kreuzen. Von Stockholm sind es 115 km, von Eskilstuna 35 km, von Nyk\u00f6ping 56 km und von Norrk\u00f6ping 88 km. In Malmk\u00f6ping finden Sie unser Hinweisschild an der Stra\u00dfe 53 an der s\u00fcdlichen Einfahrt. Wenn Sie mit \u00f6ffentlichen Verkehrsmitteln anreisen wollen, bekommen Sie [&hellip;]<\/p>\n","protected":false},"author":3,"featured_media":0,"parent":0,"menu_order":12,"comment_status":"closed","ping_status":"open","template":"","meta":{"footnotes":""},"class_list":["post-1050","page","type-page","status-publish","hentry"],"publishpress_future_workflow_manual_trigger":{"enabledWorkflows":[]},"_links":{"self":[{"href":"https:\/\/www.muma.se\/de\/wp-json\/wp\/v2\/pages\/1050","targetHints":{"allow":["GET"]}}],"collection":[{"href":"https:\/\/www.muma.se\/de\/wp-json\/wp\/v2\/pages"}],"about":[{"href":"https:\/\/www.muma.se\/de\/wp-json\/wp\/v2\/types\/page"}],"author":[{"embeddable":true,"href":"https:\/\/www.muma.se\/de\/wp-json\/wp\/v2\/users\/3"}],"replies":[{"embeddable":true,"href":"https:\/\/www.muma.se\/de\/wp-json\/wp\/v2\/comments?post=1050"}],"version-history":[{"count":0,"href":"https:\/\/www.muma.se\/de\/wp-json\/wp\/v2\/pages\/1050\/revisions"}],"wp:attachment":[{"href":"https:\/\/www.muma.se\/de\/wp-json\/wp\/v2\/media?parent=1050"}],"curies":[{"name":"wp","href":"https:\/\/api.w.org\/{rel}","templated":true}]}}