{"id":1048,"date":"2013-06-29T10:49:22","date_gmt":"2013-06-29T08:49:22","guid":{"rendered":"http:\/\/dedi59.fsdata.se\/~muma\/?page_id=1048"},"modified":"2025-01-19T15:56:58","modified_gmt":"2025-01-19T14:56:58","slug":"preise","status":"publish","type":"page","link":"https:\/\/www.muma.se\/de\/preise\/","title":{"rendered":"Preise"},"content":{"rendered":"<p><i>Stra\u00dfenbahnfahrkarten<\/i>: gelten f\u00fcr eine unbegrenzte Anzahl Fahrten und zum Besuch sowohl des <a title=\"Das Museum\" href=\"https:\/\/www.muma.se\/de\/das-museum\/\">Stra\u00dfenbahnmuseums<\/a> wie auch des <a title=\"Das Museum\" href=\"https:\/\/www.muma.se\/de\/das-museum\/\">Busmuseums<\/a> <strong>w\u00e4hrend eines ganzen Tages<\/strong>.<\/p>\n<table>\n<tbody>\n<tr>\n<th>tageskarten 2025<\/th>\n<th>Preis<\/th>\n<\/tr>\n<tr>\n<td>Erwachsene<\/td>\n<td>140 SEK<\/td>\n<\/tr>\n<tr>\n<td>Kinder 6-15 Jahre<\/td>\n<td>70 SEK<\/td>\n<\/tr>\n<tr>\n<td>Kinder unter 6 Jahre<\/td>\n<td>Frei in Begleitung eines Zahlenden<\/td>\n<\/tr>\n<tr>\n<td>Familie (2 Erwachene + 1-5 Kinder)<\/td>\n<td>350 SEK<\/td>\n<\/tr>\n<\/tbody>\n<\/table>\n<p><img loading=\"lazy\" decoding=\"async\" class=\"alignright wp-image-781 size-medium\" src=\"https:\/\/www.muma.se\/wordpress\/wp-content\/uploads\/2013\/06\/Trummslagarskogen-stavbyte-237x300.jpg\" alt=\"stavbyte vid Trummslagarskogen\" width=\"237\" height=\"300\" srcset=\"https:\/\/www.muma.se\/wordpress\/wp-content\/uploads\/2013\/06\/Trummslagarskogen-stavbyte-237x300.jpg 237w, https:\/\/www.muma.se\/wordpress\/wp-content\/uploads\/2013\/06\/Trummslagarskogen-stavbyte-300x378.jpg 300w, https:\/\/www.muma.se\/wordpress\/wp-content\/uploads\/2013\/06\/Trummslagarskogen-stavbyte-150x189.jpg 150w, https:\/\/www.muma.se\/wordpress\/wp-content\/uploads\/2013\/06\/Trummslagarskogen-stavbyte.jpg 460w\" sizes=\"auto, (max-width: 237px) 100vw, 237px\" \/><\/p>\n<h3>Karten- und Barzahlung<\/h3>\n<p>Die Fahrkarten werden in der Stra\u00dfenbahn vom Schaffner verkauft.\u00a0In den Stra\u00dfenbahnen kann allerdings nur Swish akzeptiert.<\/p>\n<p>Wenn Sie mit Bargeld oder Karte bezahlen m\u00f6chten, kaufen Sie bitte Ihre Fahrkarte im Caf\u00e9. Wir nehmen die gebr\u00e4uchlichsten Kredit- und Bezahlkarten an mit Ausnahme von Diners und American Express. In den Stra\u00dfenbahnen kann allerdings nur bar bezahlt werden.<\/p>\n<h3>Mitgliedskarte<\/h3>\n<p>Als Mitglied der Schwedischen Stra\u00dfenbahngesellschaft haben Sie auf der Museumsstra\u00dfenbahn freie Fahrt im regul\u00e4ren Verkehr frei, vorbehaltlich der Platzverh\u00e4ltnisse wenn Sie Ihre Mitgliedskarte vorweisen.<\/p>\n<p>Au\u00dferdem gelten die folgenden Mitgliedskarten als Fahrausweis:<br \/>\n\u2022 Sp\u00e5rv\u00e4gss\u00e4llskapet Ringlinien, G\u00f6teborg<br \/>\n\u2022 Lokaltrafikhistorisk Forening, Oslo<br \/>\n\u2022 Bergens Elektriske Sporvei, Bergen<br \/>\n\u2022 Sporveishistorisk Forening, Trondheim<br \/>\n\u2022 Sporvejshistorisk Selskab, Skjolden\u00e6sholm<br \/>\n\u2022 Suomen Raitiotieseura ry (Finska Sp\u00e5rv\u00e4gss\u00e4llskapet)<\/p>\n<p>Bitte beachten Sie, dass bei den Museumsstra\u00dfenbahnen Sondervereinbarungen getroffen werden k\u00f6nnen, f\u00fcr die eine besondere Geb\u00fchr erhoben wird. Aktuelle Informationen finden Sie immer auf der jeweiligen Veranstaltungsseite.<\/p>\n","protected":false},"excerpt":{"rendered":"<p>Stra\u00dfenbahnfahrkarten: gelten f\u00fcr eine unbegrenzte Anzahl Fahrten und zum Besuch sowohl des Stra\u00dfenbahnmuseums wie auch des Busmuseums w\u00e4hrend eines ganzen Tages. tageskarten 2025 Preis Erwachsene 140 SEK Kinder 6-15 Jahre 70 SEK Kinder unter 6 Jahre Frei in Begleitung eines Zahlenden Familie (2 Erwachene + 1-5 Kinder) 350 SEK Karten- und Barzahlung Die Fahrkarten werden [&hellip;]<\/p>\n","protected":false},"author":3,"featured_media":0,"parent":0,"menu_order":4,"comment_status":"closed","ping_status":"open","template":"","meta":{"footnotes":""},"class_list":["post-1048","page","type-page","status-publish","hentry"],"publishpress_future_workflow_manual_trigger":{"enabledWorkflows":[]},"_links":{"self":[{"href":"https:\/\/www.muma.se\/de\/wp-json\/wp\/v2\/pages\/1048","targetHints":{"allow":["GET"]}}],"collection":[{"href":"https:\/\/www.muma.se\/de\/wp-json\/wp\/v2\/pages"}],"about":[{"href":"https:\/\/www.muma.se\/de\/wp-json\/wp\/v2\/types\/page"}],"author":[{"embeddable":true,"href":"https:\/\/www.muma.se\/de\/wp-json\/wp\/v2\/users\/3"}],"replies":[{"embeddable":true,"href":"https:\/\/www.muma.se\/de\/wp-json\/wp\/v2\/comments?post=1048"}],"version-history":[{"count":0,"href":"https:\/\/www.muma.se\/de\/wp-json\/wp\/v2\/pages\/1048\/revisions"}],"wp:attachment":[{"href":"https:\/\/www.muma.se\/de\/wp-json\/wp\/v2\/media?parent=1048"}],"curies":[{"name":"wp","href":"https:\/\/api.w.org\/{rel}","templated":true}]}}