{"id":1046,"date":"2013-03-14T15:29:50","date_gmt":"2013-03-14T14:29:50","guid":{"rendered":"http:\/\/dedi59.fsdata.se\/~muma\/?page_id=1046"},"modified":"2025-01-19T15:51:42","modified_gmt":"2025-01-19T14:51:42","slug":"oeffnungszeiten","status":"publish","type":"page","link":"https:\/\/www.muma.se\/de\/oeffnungszeiten\/","title":{"rendered":"\u00d6ffnungszeiten"},"content":{"rendered":"<p>Die Uml\u00e4ufe k\u00f6nnen unterschiedlich sein, die Stra\u00dfenbahnen fahren mindestens einmal pro Stunde ab.<\/p>\n<table>\n<tbody>\n<tr>\n<th>datum 2025<\/th>\n<th>Betriebstage<\/th>\n<th>Zeiten<\/th>\n<\/tr>\n<tr>\n<td rowspan=\"2\">17 Mai &#8211; 29 Juni<\/td>\n<td>Samstags<\/td>\n<td>11.00 &#8211; 16.00<\/td>\n<\/tr>\n<tr>\n<td>Sonntags<\/td>\n<td>11.00 &#8211; 15.00<\/td>\n<\/tr>\n<tr>\n<td>1 Juli &#8211; 10 August<\/td>\n<td>Dienstags &#8211; Sonntags<br \/>\n<span style=\"color: #ff0000;\">nicht montags<\/span><\/td>\n<td>11.00 &#8211; 16.00<\/td>\n<\/tr>\n<tr>\n<td rowspan=\"2\">16 &#8211; 31 August<\/td>\n<td>Samstags<\/td>\n<td>11.00 &#8211; 16.00<\/td>\n<\/tr>\n<tr>\n<td>Sonntags<\/td>\n<td>11.00 &#8211; 15.00<\/td>\n<\/tr>\n<\/tbody>\n<\/table>\n<p><img loading=\"lazy\" decoding=\"async\" class=\"alignright size-medium wp-image-806\" src=\"https:\/\/www.muma.se\/wordpress\/wp-content\/uploads\/2013\/03\/H\u00e5llplatsgl\u00e4dje-300x291.jpg\" alt=\"H\u00e5llplatsgl\u00e4dje\" width=\"300\" height=\"291\" srcset=\"https:\/\/www.muma.se\/wordpress\/wp-content\/uploads\/2013\/03\/H\u00e5llplatsgl\u00e4dje-300x291.jpg 300w, https:\/\/www.muma.se\/wordpress\/wp-content\/uploads\/2013\/03\/H\u00e5llplatsgl\u00e4dje-150x146.jpg 150w, https:\/\/www.muma.se\/wordpress\/wp-content\/uploads\/2013\/03\/H\u00e5llplatsgl\u00e4dje.jpg 600w\" sizes=\"auto, (max-width: 300px) 100vw, 300px\" \/><b>Beachten Sie bitte:<\/b>\u00a0Der Betrieb kann kurzfristig eingestellt werden wegen Personalmangel oder anderer Geschehnisse au\u00dferhalb unserer Kontrolle.<\/p>\n<p>An Verkehrstagen k\u00f6nnen Sie gerne 0157-204 30 anrufen, um sich \u00fcber den Tagesbetrieb zu informieren.<\/p>\n","protected":false},"excerpt":{"rendered":"<p>Die Uml\u00e4ufe k\u00f6nnen unterschiedlich sein, die Stra\u00dfenbahnen fahren mindestens einmal pro Stunde ab. datum 2025 Betriebstage Zeiten 17 Mai &#8211; 29 Juni Samstags 11.00 &#8211; 16.00 Sonntags 11.00 &#8211; 15.00 1 Juli &#8211; 10 August Dienstags &#8211; Sonntags nicht montags 11.00 &#8211; 16.00 16 &#8211; 31 August Samstags 11.00 &#8211; 16.00 Sonntags 11.00 &#8211; 15.00 [&hellip;]<\/p>\n","protected":false},"author":3,"featured_media":0,"parent":0,"menu_order":3,"comment_status":"closed","ping_status":"closed","template":"","meta":{"footnotes":""},"class_list":["post-1046","page","type-page","status-publish","hentry"],"publishpress_future_workflow_manual_trigger":{"enabledWorkflows":[]},"_links":{"self":[{"href":"https:\/\/www.muma.se\/de\/wp-json\/wp\/v2\/pages\/1046","targetHints":{"allow":["GET"]}}],"collection":[{"href":"https:\/\/www.muma.se\/de\/wp-json\/wp\/v2\/pages"}],"about":[{"href":"https:\/\/www.muma.se\/de\/wp-json\/wp\/v2\/types\/page"}],"author":[{"embeddable":true,"href":"https:\/\/www.muma.se\/de\/wp-json\/wp\/v2\/users\/3"}],"replies":[{"embeddable":true,"href":"https:\/\/www.muma.se\/de\/wp-json\/wp\/v2\/comments?post=1046"}],"version-history":[{"count":0,"href":"https:\/\/www.muma.se\/de\/wp-json\/wp\/v2\/pages\/1046\/revisions"}],"wp:attachment":[{"href":"https:\/\/www.muma.se\/de\/wp-json\/wp\/v2\/media?parent=1046"}],"curies":[{"name":"wp","href":"https:\/\/api.w.org\/{rel}","templated":true}]}}