{"id":1044,"date":"2013-08-21T09:16:50","date_gmt":"2013-08-21T07:16:50","guid":{"rendered":"http:\/\/dedi59.fsdata.se\/~muma\/?page_id=1044"},"modified":"2018-02-27T17:07:54","modified_gmt":"2018-02-27T16:07:54","slug":"willkommen-bei-der-strasenbahn-fur-ganz-schweden","status":"publish","type":"page","link":"https:\/\/www.muma.se\/de\/","title":{"rendered":"Willkommen beim Schwedischen Nahverkehrsmuseum"},"content":{"rendered":"<p>Mitten im sch\u00f6nen S\u00f6rmland liegt Malmk\u00f6ping, eine kleine Stadt, deren Wurzeln bis ins 18. Jahrhundert zur\u00fcckreichen. Hier befindet sich auch die Museumsstra\u00dfenbahn mit einer gro\u00dfen Anzahl \u00e4lterer Stra\u00dfenbahnen f\u00fcr den Museumsbetrieb zwischen Malmk\u00f6ping und Hosj\u00f6.<\/p>\n<p><img loading=\"lazy\" decoding=\"async\" class=\"alignnone size-full wp-image-5709\" src=\"https:\/\/www.muma.se\/wordpress\/wp-content\/uploads\/2013\/08\/20160604_151253_975.jpg\" alt=\"Kul p\u00e5 museisp\u00e5rv\u00e4gen\" width=\"975\" height=\"548\" srcset=\"https:\/\/www.muma.se\/wordpress\/wp-content\/uploads\/2013\/08\/20160604_151253_975.jpg 975w, https:\/\/www.muma.se\/wordpress\/wp-content\/uploads\/2013\/08\/20160604_151253_975-300x169.jpg 300w, https:\/\/www.muma.se\/wordpress\/wp-content\/uploads\/2013\/08\/20160604_151253_975-150x84.jpg 150w, https:\/\/www.muma.se\/wordpress\/wp-content\/uploads\/2013\/08\/20160604_151253_975-768x432.jpg 768w\" sizes=\"auto, (max-width: 975px) 100vw, 975px\" \/><\/p>\n","protected":false},"excerpt":{"rendered":"<p>Mitten im sch\u00f6nen S\u00f6rmland liegt Malmk\u00f6ping, eine kleine Stadt, deren Wurzeln bis ins 18. Jahrhundert zur\u00fcckreichen. Hier befindet sich auch die Museumsstra\u00dfenbahn mit einer gro\u00dfen Anzahl \u00e4lterer Stra\u00dfenbahnen f\u00fcr den Museumsbetrieb zwischen Malmk\u00f6ping und Hosj\u00f6.<\/p>\n","protected":false},"author":3,"featured_media":0,"parent":0,"menu_order":0,"comment_status":"closed","ping_status":"open","template":"","meta":{"footnotes":""},"class_list":["post-1044","page","type-page","status-publish","hentry"],"publishpress_future_workflow_manual_trigger":{"enabledWorkflows":[]},"_links":{"self":[{"href":"https:\/\/www.muma.se\/de\/wp-json\/wp\/v2\/pages\/1044","targetHints":{"allow":["GET"]}}],"collection":[{"href":"https:\/\/www.muma.se\/de\/wp-json\/wp\/v2\/pages"}],"about":[{"href":"https:\/\/www.muma.se\/de\/wp-json\/wp\/v2\/types\/page"}],"author":[{"embeddable":true,"href":"https:\/\/www.muma.se\/de\/wp-json\/wp\/v2\/users\/3"}],"replies":[{"embeddable":true,"href":"https:\/\/www.muma.se\/de\/wp-json\/wp\/v2\/comments?post=1044"}],"version-history":[{"count":0,"href":"https:\/\/www.muma.se\/de\/wp-json\/wp\/v2\/pages\/1044\/revisions"}],"wp:attachment":[{"href":"https:\/\/www.muma.se\/de\/wp-json\/wp\/v2\/media?parent=1044"}],"curies":[{"name":"wp","href":"https:\/\/api.w.org\/{rel}","templated":true}]}}